{"id":115,"date":"2013-11-07T22:45:53","date_gmt":"2013-11-07T20:45:53","guid":{"rendered":"http:\/\/test-41749.alfa3044.alfahosting-server.de\/wordpress\/?page_id=115"},"modified":"2021-03-01T20:22:20","modified_gmt":"2021-03-01T18:22:20","slug":"kontakt","status":"publish","type":"page","link":"http:\/\/tsv1861ostheimrhoen.de\/?page_id=115","title":{"rendered":"KONTAKT"},"content":{"rendered":"<p><strong>TSV Ostheim Rh\u00f6n e.V.<\/strong><br \/>\nLudwig-Jahn-Stra\u00dfe 15<br \/>\n97645 Ostheim Rh\u00f6n<\/p>\n<p><strong>Sportheim Telefon:<\/strong> 09777 \/ 725<br \/>\n<strong>Mail:<\/strong> <strong><a href=\"mailto:info@tsv1861ostheim.de\">info@tsv1861ostheim.de<\/a><br \/>\n<\/strong><\/p>\n<p>Adressen der Vorst\u00e4nde und Abteilungsleiter: <strong><a href=\"http:\/\/tsv1861ostheimrhoen.de\/?page_id=164\">KLICK mich!<\/a><\/strong><\/p>\n<p>Nutzen Sie bequem unser Kontakt Formular<\/p>\n<p><!--cforms name=\"Kontakt Formular\"--><\/p>\n","protected":false},"excerpt":{"rendered":"<p>TSV Ostheim Rh\u00f6n e.V. Ludwig-Jahn-Stra\u00dfe 15 97645 Ostheim Rh\u00f6n Sportheim Telefon: 09777 \/ 725 Mail: info@tsv1861ostheim.de Adressen der Vorst\u00e4nde und Abteilungsleiter: KLICK mich! Nutzen Sie bequem unser Kontakt Formular<\/p>\n","protected":false},"author":1,"featured_media":0,"parent":0,"menu_order":0,"comment_status":"closed","ping_status":"closed","template":"","meta":{"ngg_post_thumbnail":0,"footnotes":""},"class_list":["post-115","page","type-page","status-publish","hentry"],"_links":{"self":[{"href":"http:\/\/tsv1861ostheimrhoen.de\/index.php?rest_route=\/wp\/v2\/pages\/115","targetHints":{"allow":["GET"]}}],"collection":[{"href":"http:\/\/tsv1861ostheimrhoen.de\/index.php?rest_route=\/wp\/v2\/pages"}],"about":[{"href":"http:\/\/tsv1861ostheimrhoen.de\/index.php?rest_route=\/wp\/v2\/types\/page"}],"author":[{"embeddable":true,"href":"http:\/\/tsv1861ostheimrhoen.de\/index.php?rest_route=\/wp\/v2\/users\/1"}],"replies":[{"embeddable":true,"href":"http:\/\/tsv1861ostheimrhoen.de\/index.php?rest_route=%2Fwp%2Fv2%2Fcomments&post=115"}],"version-history":[{"count":25,"href":"http:\/\/tsv1861ostheimrhoen.de\/index.php?rest_route=\/wp\/v2\/pages\/115\/revisions"}],"predecessor-version":[{"id":2563,"href":"http:\/\/tsv1861ostheimrhoen.de\/index.php?rest_route=\/wp\/v2\/pages\/115\/revisions\/2563"}],"wp:attachment":[{"href":"http:\/\/tsv1861ostheimrhoen.de\/index.php?rest_route=%2Fwp%2Fv2%2Fmedia&parent=115"}],"curies":[{"name":"wp","href":"https:\/\/api.w.org\/{rel}","templated":true}]}}