{"id":1512,"date":"2013-12-01T11:13:29","date_gmt":"2013-12-01T09:13:29","guid":{"rendered":"http:\/\/tsv1861ostheimrhoen.de\/?page_id=1512"},"modified":"2013-12-05T22:56:13","modified_gmt":"2013-12-05T20:56:13","slug":"chronik","status":"publish","type":"page","link":"http:\/\/tsv1861ostheimrhoen.de\/?page_id=1512","title":{"rendered":"Chronik"},"content":{"rendered":"<p><strong>1861<\/strong> Gr\u00fcndung TSV 1861 Ostheim<br \/>\n<strong>1919<\/strong> Bau der Turnhalle<br \/>\n<strong>1927<\/strong> Grundst\u00fcck am Weyershauck wird gekauft<br \/>\n<strong>1932<\/strong> Erstmals spricht man von einer Leichtathletikabteilung; der FC wird in den TSV integriert<\/p>\n<p><a href=\"http:\/\/tsv1861ostheimrhoen.de\/wp-content\/uploads\/2013\/12\/2013-12-05-20_33_10-Dokument7-Word.png\"><img loading=\"lazy\" decoding=\"async\" class=\"aligncenter size-full wp-image-1584\" alt=\"\" src=\"http:\/\/tsv1861ostheimrhoen.de\/wp-content\/uploads\/2013\/12\/2013-12-05-20_33_10-Dokument7-Word.png\" width=\"394\" height=\"261\" srcset=\"http:\/\/tsv1861ostheimrhoen.de\/wp-content\/uploads\/2013\/12\/2013-12-05-20_33_10-Dokument7-Word.png 394w, http:\/\/tsv1861ostheimrhoen.de\/wp-content\/uploads\/2013\/12\/2013-12-05-20_33_10-Dokument7-Word-300x198.png 300w\" sizes=\"auto, (max-width: 394px) 100vw, 394px\" \/><\/a><strong>1935<\/strong> Der TSV Ostheim ist auf 130 Mitglieder angewachsen<br \/>\n<strong>1937<\/strong> Einweihung des Sportplatzes an der Jahnstra\u00dfe<br \/>\n<strong>1945<\/strong> Der Verein hat nur noch 64 Mitglieder, es kommt unter Hermann Rehmann zu einer Neugr\u00fcndung unter dem Namen TSV Ostheim\/Rh\u00f6n<br \/>\n<strong>1947<\/strong> Eine RAD Barracke wird gebaut, das sp\u00e4tere Vereinsheim<\/p>\n<div id=\"attachment_1585\" style=\"width: 405px\" class=\"wp-caption aligncenter\"><a href=\"http:\/\/tsv1861ostheimrhoen.de\/wp-content\/uploads\/2013\/12\/2013-12-05-20_33_29-Dokument7-Word.png\"><img loading=\"lazy\" decoding=\"async\" aria-describedby=\"caption-attachment-1585\" class=\"size-full wp-image-1585\" alt=\"Die Leichtathletikabteilung pr\u00e4sentiert sich selbstbewusst bei den Turnfesten. Im Bild unten Elfriede und Hermann Gunzenheimer \" src=\"http:\/\/tsv1861ostheimrhoen.de\/wp-content\/uploads\/2013\/12\/2013-12-05-20_33_29-Dokument7-Word.png\" width=\"395\" height=\"285\" srcset=\"http:\/\/tsv1861ostheimrhoen.de\/wp-content\/uploads\/2013\/12\/2013-12-05-20_33_29-Dokument7-Word.png 395w, http:\/\/tsv1861ostheimrhoen.de\/wp-content\/uploads\/2013\/12\/2013-12-05-20_33_29-Dokument7-Word-300x216.png 300w\" sizes=\"auto, (max-width: 395px) 100vw, 395px\" \/><\/a><p id=\"caption-attachment-1585\" class=\"wp-caption-text\">Die Leichtathletikabteilung pr\u00e4sentiert sich selbstbewusst bei den Turnfesten. Im Bild unten Elfriede und Hermann Gunzenheimer<\/p><\/div>\n<p><strong>1951<\/strong> Eine neue Satzung wird verabschiedet; der Verein vereint die Abteilungen Schwimmen, Ski, Turnen, Fu\u00dfball und Leichtathletik; das Kalte Bad wird mit Unterst\u00fctzung der Stadt Ostheim gebaut; ein Leichtathletik Sportfest wird durchgef\u00fchrt<br \/>\n<strong>1961<\/strong> Feier zum 100-j\u00e4hrigen Bestehen; Emil Amthor leitet die \u201eTurnstunde\u201c<br \/>\n<strong>1964<\/strong> Der TSV erh\u00e4lt vom BLSV ein Darlehen in H\u00f6he von 50.000\u00a0DM zum Bau einer neuen Turnhalle<br \/>\n<strong>1966<\/strong> Der Verein ist wieder auf 430 Mitglieder angewachsen<br \/>\n<strong>1967<\/strong> L\u00e4ufer nehmen erstmals an Volksl\u00e4ufen teil<br \/>\n<strong>1968<\/strong> Leichtathleten nehmen an unterfr\u00e4nkischen Meisterschaften teil<br \/>\n<strong>1969<\/strong> Ostheimer Athleten werden erstmals in unterfr\u00e4nkischen und bayerischen Bestenlisten erw\u00e4hnt<br \/>\n<strong>1970<\/strong> Erste bayerische Meisterschaft im Crosslauf der A-Jugend durch Eberhard Helm Jutta Klaus (geb. Helm) mit Endlaufteilnahme bei den deutschen Jugendmeisterschaften mit einem 8. Platz \u00fcber 3000m (8:38,6) und einem 3. Platz \u00fcber 1500m (4:40)<br \/>\n<strong>1971<\/strong> Dr. Hans Helm wird Spartenleiter; Matthias Helm wird bayerischer Sch\u00fclermeister \u00fcber 1000m und 5. bei den deutschen Sch\u00fclermeisterschaften mit 2:42,4<br \/>\n<strong>1972<\/strong> Jutta Helm beim 1. L\u00e4nderkampf f\u00fcr Deutschland; bayerische Meisterin \u00fcber 1500m und vor den olympischen Spielen im Endlauf der DM mit 4:30 Minuten<\/p>\n<p><strong>1973<\/strong> Mehrere BM<br \/>\nEberhard Helm l\u00e4uft Bestzeit \u00fcber 1000m in 2:22,1 und erreicht damit im<br \/>\nWeltrekordrennen (2:16 Min) den 6. Platz im M\u00fcnchner Olympiastadion vor<br \/>\n35.000 Zuschauern; weiterhin Teilnahme an den Milit\u00e4ry Crosslauf WM in Kairo<br \/>\nMatthias Helm, Udo Frei und R. Schneider werden deutscher Meister im<br \/>\nCrosslauf Team der B-Jugend; dabei wird Matthias Helm vor dem sp\u00e4teren<br \/>\nHindernis Weltmeister Patrick Ilg deutscher Meister<br \/>\nMehrere bayerische Meistertitel \u00fcber 400m und 800m<br \/>\n<strong>1974<\/strong> Eberhard, Jutta und Matthias Helm holen mehrere unterfr\u00e4nkische Meisterschaften im Crosslauf auf der Mittel- und Langstrecke<br \/>\nMatthias Helm wird deutscher Jugendmeister \u00fcber 800m im Schalker Volksparkstadion mit Jugendrekord (1:52,3Min) und sensationeller Aufholjagd auf der Zielgeraden; die auch in der ARD \u00fcbertragen wird(!)<br \/>\n<strong>1975<\/strong> Matthias Helm holt den Deutschen Meistertitel in der Halle in M\u00fcnchen und<br \/>\nim Freien in Augsburg<\/p>\n<div id=\"attachment_1586\" style=\"width: 271px\" class=\"wp-caption aligncenter\"><a href=\"http:\/\/tsv1861ostheimrhoen.de\/wp-content\/uploads\/2013\/12\/2013-12-05-20_39_21-S56789101112141516181939-Word.png\"><img loading=\"lazy\" decoding=\"async\" aria-describedby=\"caption-attachment-1586\" class=\"size-full wp-image-1586\" alt=\"\" src=\"http:\/\/tsv1861ostheimrhoen.de\/wp-content\/uploads\/2013\/12\/2013-12-05-20_39_21-S56789101112141516181939-Word.png\" width=\"261\" height=\"199\" \/><\/a><p id=\"caption-attachment-1586\" class=\"wp-caption-text\">Matthias Helm holt den Deutschen Meistertitel in der Halle in M\u00fcnchen<\/p><\/div>\n<p style=\"text-align: left;\">Mehrere unterfr\u00e4nkische und bayerische Meistertitel;<br \/>\nEberhard Helm wird mit bayerischem Rekord Sieger \u00fcber 1500m bei den internationalen Bislett-Games in Oslo (3:42,4);<br \/>\nDer \u201eLauftreff\u201c wird gegr\u00fcndet und heute immer noch erfolgreich seit \u00fcber<br \/>\n30 Jahren von Ali Louzri gef\u00fchrt<br \/>\nDas Vereinsheim wird neu gebaut<br \/>\n<strong>1976<\/strong> Mehrere unterfr\u00e4nkische und bayerische Meistertitel<br \/>\nEberhard Helm holt knapp hinter dem sp\u00e4teren Europameister und Olympiateilnehmer Thomas Wessinghage den 2. Platz \u00fcber 1500m bei den DM in<br \/>\nDortmund, die ARD berichtete life (!)<br \/>\n5. Platz von Eberhard Helm bei der Hallen EM in M\u00fcnchen; Teilnahme an zwei L\u00e4ndervergleichsk\u00e4mpfen gegen England und Frankreich<br \/>\n<strong>1977<\/strong> Eberhard Helm mit einem 3. Platz bei den DM in Sindelfingen Stefan Helm wird bayerischer B-Jugendmeister \u00fcber 1500m und 5000m<br \/>\n<strong>1978<\/strong> Eberhard Helm als Vorlaufsieger im Endlauf bei der EM in Mailand Stefan Helm wird bayerischer B-Jugendmeister \u00fcber 5000m<br \/>\n<strong>1979<\/strong> Eberhard Helm 4. Platz bei den DM in Berlin<br \/>\n<strong>1980<\/strong> Eberhard Helm 2. Platz bei den DM in Dortmund; Teilnahme an der EM in Sindelfingen und bayerischer Meister \u00fcber 1500m. Stefan Helm wird bayerischer Meister im Crosslauf und \u00fcber 1500m der Jugend A<\/p>\n<p><strong>1985<\/strong> TSV Ostheim veranstaltet ufr. Meisterschaften im Crosslauf um die Lichtenburg; Stefan Helm und Winfried Then holen den Titel Der TSV Ostheim ist auf 500 Mitglieder angewachsen<br \/>\n<strong>1987<\/strong> 1. Trainingslager in Principina a Mare Italien (seitdem jedes Jahr in den Osterferien)<br \/>\n<strong>1990<\/strong> Tanja Pfalzgraf wird bayerische Meisterin auf der Stra\u00dfe und \u00fcber 2000m und erreicht mit ihrer Zeit den ersten Platz der deutschen Bestenliste \u00fcber 5km Stra\u00dfe<br \/>\nBis 1992 Mitorganisation des Dreil\u00e4nderlaufes von Hessen, Bayern und Th\u00fcringen<br \/>\n<strong>1991<\/strong> TSV Ostheim veranstaltet die bayerischen Berglaufmeisterschaften von Sondheim zur Hochrh\u00f6nstra\u00dfe 24- Stunden-Lauf von M\u00f6rlenbach<br \/>\n<strong>1992<\/strong> Thomas Herda 1. Platz BM 3000m und 5000m mJA<br \/>\nTanja Pfalzgraf 1. Platz BM Waldlauf wJB<br \/>\n2. Platz BM Stra\u00dfe SchiA (Memmel, v. Berchem, Grob) und SchA (Gerlach,<br \/>\nPrechtl, Louzri)<br \/>\n14 unterfr\u00e4nkische Meistertitel und Platz 1 in Bayern f\u00fcr Dennis Pfalzgraf \u00fcber 2000m bei den Sch\u00fcler A und Eberhard Helm \u00fcber 800m bei der M40<br \/>\n<strong>1993<\/strong> 3 . Platz Bayerische Meisterschafen Crosslauf mJA Thomas Herda<br \/>\n9 unterfr\u00e4nkische Meistertitel<br \/>\nTanja Pfalzgraf wird bayerische Meisterin \u00fcber 3000m der wJB<br \/>\nBis heute j\u00e4hrliche Teilnahme z. T. mit bis zu vier Mannschaften und mehrfachen Siegen beim Fuldaer Halbmarathon<br \/>\n1 . Gesundheitswoche in Ostheim wird angeboten<br \/>\n<strong>1994 <\/strong>1 . Platz BM Stra\u00dfe wJB (Pfalzgraf, Memmel, v. Berchem )<br \/>\n10 Unterfr\u00e4nkische Meistertitel<br \/>\n24- Stunden-Lauf nach Berlin ins Schloss Bellevue des Bundespr\u00e4sidenten Bis 2005 j\u00e4hrliche Teilnahme an den internationalen Schwarzwald Jugendspielen in Sasbachwalden<br \/>\n<strong>1995<\/strong> 1 . Platz BM Junioren (Herda, Streck, Wiebe) im Crosslauf<br \/>\nDennis Pfalzgraf 1. Platz BM 3000m (9:44,7)<br \/>\nUnterfr\u00e4nkischer Meister 4x800m (Herda, K\u00fcchler, Helm, Streck) (8:26,5)<br \/>\n24- Stunden-Lauf nach M\u00fcnchen ins Maximilianeum<br \/>\n24- Stunden-Lauf nach Bonn ins Bundesgesundheitsministerium Ali\u00b4s Lauftreff wird 20 Jahre<br \/>\n<strong>1996<\/strong> Dennis Pfalzgraf 1. Platz BM \u00fcber 3000m und 5km M15<br \/>\nJulius Helm 1. Platz BM 3000m und 5km M14<br \/>\n1 . Platz BM 5km Mannschaft (52:20) (Pfalzgraf, Helm, Schreck )<br \/>\nTRIA Team des TSV Ostheim gewinnt den 15. Rh\u00f6n-Triathlon<br \/>\n<strong>1997<\/strong> 1 . Platz BM Crosslauf Dennis Pfalzgraf mJA Julius Helm 1. Platz BM 3000m und 5km (15:57) SchA<br \/>\n5 Unterfr\u00e4nkische Meistertitel<br \/>\nAndrea Helm gr\u00fcndet die Eltern-Kind-Gruppe<br \/>\n<strong>1998<\/strong> Julius Helm 8. Platz DM Stra\u00dfe, 1. Platz BM Cross und Stra\u00dfe 7,5km und<br \/>\n3000 m mJB<br \/>\nAnne-Katrin Helm 1. Platz BM 2000m W14 und 5km Stra\u00dfe<br \/>\n1. Platz BM Stra\u00dfe mit der Mannschaft (Fischer, Vey, Reukauf )<br \/>\n11 Unterfr\u00e4nkische Meistertitel<br \/>\nDer Verein z\u00e4hlt bereits 800 Mitglieder<br \/>\nIn der deutschen Bestenliste belegen die Ostheimer Julius und Anne-Kathrin Helm 3 erste Pl\u00e4tze<br \/>\nOstheimer Athleten gewinnen f\u00fcnfmal Gold bei den bayerischen Meisterschaften in Regensburg<br \/>\n<strong>1999<\/strong> Julius Helm, Jochen R\u00fcttiger und Fabian B\u00fcttner stellen das Junioren-Team Deutschlands bei der Berglauf Weltmeisterschaft in Borneo<br \/>\nJulius Helm 4. Platz DM Stra\u00dfe und 3000m; 1. Platz BM Halle und im Freien<br \/>\n3000 m und Crosslauf<br \/>\n1. Platz BM Mannschaft im Crosslauf mJB(Helm, Vey, Streit )<br \/>\nAnne-Katrin Helm 1. Platz BM 2000m W15<br \/>\n9 Unterfr\u00e4nkische Meistertitel<br \/>\nDie Grundschule f\u00fchrt ihren ersten 12-Stunden-Lauf durch; 570 Teilnehmer erreichen 5172km zugunsten der Welthungerhilfe<br \/>\nDer Rh\u00f6n-Grabfeld-Cup startete mit 10 L\u00e4ufen, darunter auch in Ostheim<br \/>\n<strong>2000<\/strong> Julius Helm 4. Platz bei der Deutschen Berglaufmeisterschaft; Platz 10 bei<br \/>\nder Berglauf-Weltmeisterschaft im Einzel; 5. Platz DM \u00fcber 5000m; 2. Platz<br \/>\nBayerische Meisterschaft \u00fcber 3000m; 1. Platz BM Crosslauf mJA<br \/>\nAnne Katrin Helm 2. Platz BM \u00fcber 1500m<\/p>\n<p><strong>2001<\/strong> Julius Helm 30. Platz bei der Weltmeisterschaft im Berglauf; 1. Platz im Crosslauf und \u00fcber 10km der mJA<br \/>\n1. Platz BM mit der Mannschaft im Crosslauf mJA (Julius Helm, Alexander<br \/>\nHerbert, Sascha Streit)<br \/>\n1. Platz BM im Crosslauf mJB (Daniel Fischer, Bastian Reukauf, Wolfgang<br \/>\nM\u00fcller)<br \/>\n1 . Platz BM \u00fcber 200m Hindernis mJB<br \/>\n1 . Platz BM \u00fcber 1500m, 3000m und 7,5km Anne-Katrin Helm<br \/>\n3 . Platz BM \u00fcber 3000m Bastian Reukauf<br \/>\n6 Unterfr\u00e4nkische Meistertitel<br \/>\n<strong>2002<\/strong> 1. Platz TSV Ostheim mit unterfr\u00e4nkischem Rekord bei der deutschen Meisterschaft im Halbmarathon (Julius Helm, Jochen R\u00fcttiger, Fabian B\u00fcttner) 4. Platz bei der Deutschen Meisterschaft der Junioren im Crosslauf mit der<br \/>\nMannschaft<br \/>\n1. Platz BM in der Halle Anne-Katrin Helm \u00fcber 1500m wJA (4:49,4) und 1.<br \/>\nPlatz \u00fcber 800m und 1. Platz bei den Bayerischen Berglaufmeisterschaften 2. Platz Bayerischen Meisterschaften in der Halle Amanda Helm \u00fcber 1500m wJB (5:00,8) und 2. Platz \u00fcber 800m<br \/>\n1 . Platz BM im Crosslauf der Junioren Julius Helm<br \/>\n1. Platz BM mit der Mannschaft Junioren (Julius Helm, Jochen R\u00fcttiger, Fabian B\u00fcttner)<br \/>\n1. Platz BM mJA mit der Mannschaft (Daniel Fischer, Bastian Reukauf, Wolfgang M\u00fcller)<br \/>\n2. Platz BM Junioren Julius Helm \u00fcber 1500m und 5000m 13 Unterfr\u00e4nkische Meistertitel<br \/>\n<strong>2003<\/strong> 1 . Platz BM Daniel Fischer 2000m Hindernis 6:25, 5<br \/>\n1. Platz BM Anne-Katrin Helm 2000m Hindernis wJA 7:23,5 und 2. Platz \u00fcber 1500m 4:59,4<br \/>\nWolfgang M\u00fcller 3. Platz BM im Crosslauf<br \/>\n11 Unterfr\u00e4nkische Meistertitel<br \/>\nPlatz 1 in der bayerischen Bestenliste mit der Mannschaft im Halbmarathon mit neuem unterfr\u00e4nkischen Rekord<br \/>\n<strong>2004<\/strong> 1 . Platz bei den Bayerischen Meisterschaften 10km Junioren (31:47)<br \/>\n12 Unterfr\u00e4nkische Meistertitel \u00fcber 1500m, 3000m, 5000m, Cross, 10km<br \/>\n24- Stunden-Lauf in Viborg<br \/>\nBis 2010 j\u00e4hrlicher Start beim Rennsteigstaffellauf (170km)<br \/>\n<strong>2005<\/strong> Manuel St\u00f6ckert wird in Italien Jugendeuropameister im<br \/>\nBerglauf; 12. Platz bei der Weltmeisterschaft in Wellington\/Neuseeland; 2. Platz bei den DM mJB 10km; 1. Platz BM im Crosslauf mJB und 1. Platz mit der Mannschaft; 1. Platz BM im Berglauf<br \/>\n2. Platz Bayerische Berglaufmeisterschaften Florian Johannes<br \/>\n1. Platz BM mit der Mannschaft im Berglauf<br \/>\n1 . Platz mit der Mannschaft Sch\u00fcler M 14<br \/>\n23 Unterfr\u00e4nkische Meistertitel<br \/>\n<strong>2006<\/strong> Manuel St\u00f6ckert bei der Weltmeisterschaft im Berglauf; 1. Platz bei den Bayerischen Meisterschaften im Crosslauf<br \/>\n2. Platz bei den Bayerischen Meisterschaft im Crosslauf mit der Mannschaft<br \/>\n1 . Platz bei den Bayerischen Meisterschaften \u00fcber 5000m Julius Helm<br \/>\n18 Unterfr\u00e4nkische Meistertitel \u00fcber 1500m, 2000m ,5000m, 10000, und<br \/>\n3 x1000m, Cross- und Berglauf<br \/>\nDie Jugendarbeit im TSV Ostheim und insbesondere in der Leichtathletik wird mit dem Goldenen Stern des Sports gekr\u00f6nt; die Preisverleihung findet in Berlin durch Bundespr\u00e4sident Horst K\u00f6hler statt<br \/>\n<strong>2007<\/strong> Die Jugendarbeit im TSV Ostheim und insbesondere in der Leichtathletik wird mit dem Goldenen Stern des Sports gekr\u00f6nt; die Preisverleihung findet in Berlin durch Bundespr\u00e4sident Horst K\u00f6hler statt<br \/>\nMoritz Helm 2. Platz BM M15 3000m Ren\u00e9 St\u00f6ckert 1. Platz BM mJB 3000m<br \/>\n2. Platz bei der EM im Berglauf mit Manuel St\u00f6ckert (3. Platz) und Ren\u00e9 St\u00f6ckert (4. Platz)<br \/>\nManuel St\u00f6ckert Deutscher Meister im Berglauf Junioren, 3.Platz bei der<br \/>\nDeutschen Meisterschaft im Crosslauf mJA und 3. Platz mit der Mannschaft;<br \/>\nManuel St\u00f6ckert 1. Platz BM Crosslauf<br \/>\nDer TSV erh\u00e4lt das G\u00fctesiegel Pluspunkt Gesundheit<br \/>\nbis 2012 j\u00e4hrliche Teilnahme und mehrfacher Sieg beim Lauf zwischen den<br \/>\nMeeren von Husum nach Damp<br \/>\n1 . Platz beim Rennsteigstaffellauf<br \/>\n<strong>2008<\/strong> 6 L\u00e4ufer des TSV starten bei internationalen Wettk\u00e4mpfen<br \/>\nRen\u00e9 St\u00f6ckert 1. Platz bei der Deutschen Meisterschaft im Berglauf (Mittenwald)<br \/>\nManuel St\u00f6ckert 3. Platz bei der Deutschen Meisterschaft im Halbmarathon<br \/>\n(1:08:46) 2. Platz der Mannschaft bei der Deutschen Meisterschaft der Junioren im Halbmarathon (Manuel St\u00f6ckert, Ren\u00e9 St\u00f6ckert, Sven Perleth)<br \/>\n3.Platz \u00fcber 1500m bei den Bayerischen Hallenmeisterschaften Simona Greier 1. Platz Ren\u00e9 St\u00f6ckert, 3. Platz Moritz Helm, 1. Platz Mannschaft (Ren\u00e9 St\u00f6ckert, Moritz Helm, Florian Fischer) bei der Bayerischen Berglaufmeisterschaft 23 Unterfr\u00e4nkische Meistertitel \u00fcber 50m, 800m, 1500m, 2000m, 3000m, Halbmarathon, Berglauf, Crosslauf<br \/>\n<strong>2009<\/strong> Der TSV Ostheim veranstaltet in Kooperation mit dem TSV Hausen die<br \/>\nJugend-EM im Berglauf; 70 ausl\u00e4ndische G\u00e4ste werden begr\u00fcsst<br \/>\nRen\u00e9 St\u00f6ckert Teilnahme bei der EM im Berglauf<br \/>\nManuel und Ren\u00e9 St\u00f6ckert Teilnahme bei der Weltmeisterschaft im Berglauf<br \/>\n(8 . Platz )<br \/>\nManuel St\u00f6ckert Deutscher Meister Halbmarathon (1:07:43)<br \/>\n1 . Platz DM mit der Mannschaft (Manuel und Ren\u00e9 St\u00f6ckert, Sven Perleth ) 1 . Platz Ren\u00e9 St\u00f6ckert im Berglauf<br \/>\n12 Unterfr\u00e4nkische Meistertitel \u00fcber 800m, 2000m, 10km, Halbmarathon,<br \/>\nCrosslauf<br \/>\n1 . Platz beim Staffellauf von Husum nach Damp<br \/>\n1 . Platz beim Teamlauf Fuldaer Halbmarathon<br \/>\n<strong>2010<\/strong> Teilnahme bei der EM im Berglauf durch Manuel und Ren\u00e9 St\u00f6ckert mit Platz<br \/>\n13 und 29 in Sofia\/Bulgarien<br \/>\nManuel St\u00f6ckert wird Deutscher Meister Junioren im Halbmarathon<br \/>\n(1:06:28) ; Ren\u00e9 St\u00f6ckert holt den 2. Platz<br \/>\n1. Platz f\u00fcr Manuel St\u00f6ckert und 2. Platz f\u00fcr Ren\u00e9 St\u00f6ckert bei der Deutschen<br \/>\nMeisterschaft im Berglauf der Junioren<br \/>\nManuel St\u00f6ckert, Ren\u00e9 St\u00f6ckert und Sascha Wingenfeld werden mit der<br \/>\nMannschaft Deutscher Meister im Berglauf<br \/>\n17 Unterfr\u00e4nkische Meistertitel \u00fcber 10km, Halbmarathon, 3x1000m, Crosslauf, 800m und 3x800m<br \/>\n<strong>2011<\/strong> Manuel St\u00f6ckert wird Deutscher Polizeimeister \u00fcber 10000m<br \/>\nManuel St\u00f6ckert und Forian Johannes im Team beim JP Morgan Finale in<br \/>\nSingapur<br \/>\nRegina Reder wird 3. bei den bayerischen Meisterschaften W14<br \/>\n24 Unterfr\u00e4nkische Meistertitel im Halbmarathon, Crosslauf, 400m, 800m, 1500 m, 2000m und Staffel<br \/>\nBettina Topitsch wird Bayerische Meisterin \u00fcber 200m in der Alterklasse W50<br \/>\nSieg des Frauen- und M\u00e4nnerteams beim Fuldahalbmarathon<br \/>\nSieg beim Staffellauf von Husum nach Damp f\u00fcr die M\u00e4nner, 2. Platz f\u00fcr die<br \/>\nFrauenmannschaft<br \/>\n96- Stunden-Lauf nach Berlin ins Gesundheitsministerium<\/p>\n","protected":false},"excerpt":{"rendered":"<p>1861 Gr\u00fcndung TSV 1861 Ostheim 1919 Bau der Turnhalle 1927 Grundst\u00fcck am Weyershauck wird gekauft 1932 Erstmals spricht man von einer Leichtathletikabteilung; der FC wird in den TSV integriert 1935 <a class=\"more-link\" href=\"http:\/\/tsv1861ostheimrhoen.de\/?page_id=1512\">Klicke hier um alles zu lesen &rarr;<\/a><\/p>\n","protected":false},"author":1,"featured_media":0,"parent":20,"menu_order":0,"comment_status":"closed","ping_status":"closed","template":"","meta":{"ngg_post_thumbnail":0,"footnotes":""},"class_list":["post-1512","page","type-page","status-publish","hentry"],"_links":{"self":[{"href":"http:\/\/tsv1861ostheimrhoen.de\/index.php?rest_route=\/wp\/v2\/pages\/1512","targetHints":{"allow":["GET"]}}],"collection":[{"href":"http:\/\/tsv1861ostheimrhoen.de\/index.php?rest_route=\/wp\/v2\/pages"}],"about":[{"href":"http:\/\/tsv1861ostheimrhoen.de\/index.php?rest_route=\/wp\/v2\/types\/page"}],"author":[{"embeddable":true,"href":"http:\/\/tsv1861ostheimrhoen.de\/index.php?rest_route=\/wp\/v2\/users\/1"}],"replies":[{"embeddable":true,"href":"http:\/\/tsv1861ostheimrhoen.de\/index.php?rest_route=%2Fwp%2Fv2%2Fcomments&post=1512"}],"version-history":[{"count":21,"href":"http:\/\/tsv1861ostheimrhoen.de\/index.php?rest_route=\/wp\/v2\/pages\/1512\/revisions"}],"predecessor-version":[{"id":1588,"href":"http:\/\/tsv1861ostheimrhoen.de\/index.php?rest_route=\/wp\/v2\/pages\/1512\/revisions\/1588"}],"up":[{"embeddable":true,"href":"http:\/\/tsv1861ostheimrhoen.de\/index.php?rest_route=\/wp\/v2\/pages\/20"}],"wp:attachment":[{"href":"http:\/\/tsv1861ostheimrhoen.de\/index.php?rest_route=%2Fwp%2Fv2%2Fmedia&parent=1512"}],"curies":[{"name":"wp","href":"https:\/\/api.w.org\/{rel}","templated":true}]}}