{"id":1543,"date":"2013-12-02T22:46:44","date_gmt":"2013-12-02T20:46:44","guid":{"rendered":"http:\/\/tsv1861ostheimrhoen.de\/?page_id=1543"},"modified":"2021-02-27T16:39:45","modified_gmt":"2021-02-27T14:39:45","slug":"chronik-turnen","status":"publish","type":"page","link":"http:\/\/tsv1861ostheimrhoen.de\/?page_id=1543","title":{"rendered":"Chronik"},"content":{"rendered":"<p>Der Tennisboom der 80er Jahre erfasste viele Sportler des TSV Ostheim und der Wunsch nach eigenen Tennispl\u00e4tzen wurde konkret.<br \/>\nHorst Niemeyer &#8211; von 1983 bis 1990 &#8211; Hauptkassierer beim TSV Ostheim verfolgte dieses Ziel mit gro\u00dfer Beharrlichkeit.<br \/>\nDas 130j\u00e4hrige Gr\u00fcndungsfest des Vereins brachte einen gro\u00dfen finanziellen Erfolg. Das Einlagespiel gegen die Uwe-Seeler-Traditonself, die mit zahlreichen ehemaligen Fu\u00dfstars auf dem Sportplatz an der Jahnstra\u00dfe antrat, wurde von mehreren tausend Zuschauern besucht, die die Kassen des TSV f\u00fcr dieses Vorhaben f\u00fcllten. Nach schwierigen Verhandlungen gelang es Horst Niemeyer angrenzende Grundst\u00fccke an der S\u00fcd- und Ostseite des Vereinsgel\u00e4nde zu erwerben. Damit konnte nicht nur der Bau von zwei Tennispl\u00e4tzen, sondern auch noch eine 45 x 90 Meter gro\u00dfe Nebenspielfl\u00e4che f\u00fcr Trainingszwecke der Fu\u00dfballmannschaft in Angriff genommen werden. Der Aushub der Tennispl\u00e4tze reichte f\u00fcr die Egalisierung des Trainingsplatzes der Fu\u00dfballer.<br \/>\nMit viel Eigenleistung wurden die beiden Tennispl\u00e4tze noch bis Jahresende 1987 fertigstellt und brachten dem Verein einen starken Zulauf von Mitgliedern. Es galt bei der Gr\u00fcndung der Abteilung die Zustimmung aller TSV-Mitglieder zu gewinnen. Durch den Passus, das sich diese Abteilung finanziell selbst\u00e4ndig tragen muss, wurde ein Zusatzbeitrag festgelegt, wodurch bis heute keine andere Sparte des Vereins belastet wird.<br \/>\nEin eigenes Vereinsheim f\u00fcr die Tennispieler: Dieser Wunsch verst\u00e4rkte sich bei den Mitgliedern dieser Abteilung und erneut war Horst Niemeyer Motor dieses Vorhabens. Mit viel Eigenleistung wurde das Cubheim 1989 verwirklicht. Die \u201eTennis-H\u00fctte\u201c beinhaltet Platz f\u00fcr Ger\u00e4te, Umkleidem\u00f6glichkeiten und einen ger\u00e4umigen Club-Raum.<\/p>\n<p>Mehr folgt bald !!<\/p>\n<p>\u00dcber viele Jahre praktizierte unsere Tennisabteilung erfolgreich und vorbildlich dieses Kooperationsmodell im Bereich der Jugendarbeit und Sport nach 1.<\/p>\n<p><a href=\"http:\/\/tsv1861ostheimrhoen.de\/wp-content\/uploads\/2013\/11\/2010-sag-1.jpg\"><img loading=\"lazy\" decoding=\"async\" class=\"aligncenter size-full wp-image-486\" src=\"http:\/\/tsv1861ostheimrhoen.de\/wp-content\/uploads\/2013\/11\/2010-sag-1.jpg\" alt=\"\" width=\"1024\" height=\"768\" srcset=\"http:\/\/tsv1861ostheimrhoen.de\/wp-content\/uploads\/2013\/11\/2010-sag-1.jpg 1024w, http:\/\/tsv1861ostheimrhoen.de\/wp-content\/uploads\/2013\/11\/2010-sag-1-300x225.jpg 300w\" sizes=\"auto, (max-width: 1024px) 100vw, 1024px\" \/><\/a><a href=\"http:\/\/tsv1861ostheimrhoen.de\/wp-content\/uploads\/2013\/11\/2011-sag-2.jpg\"><img loading=\"lazy\" decoding=\"async\" class=\"aligncenter size-full wp-image-487\" src=\"http:\/\/tsv1861ostheimrhoen.de\/wp-content\/uploads\/2013\/11\/2011-sag-2.jpg\" alt=\"\" width=\"1024\" height=\"768\" srcset=\"http:\/\/tsv1861ostheimrhoen.de\/wp-content\/uploads\/2013\/11\/2011-sag-2.jpg 1024w, http:\/\/tsv1861ostheimrhoen.de\/wp-content\/uploads\/2013\/11\/2011-sag-2-300x225.jpg 300w\" sizes=\"auto, (max-width: 1024px) 100vw, 1024px\" \/><\/a><a href=\"http:\/\/tsv1861ostheimrhoen.de\/wp-content\/uploads\/2013\/11\/2011-sag-3.jpg\"><img loading=\"lazy\" decoding=\"async\" class=\"aligncenter size-full wp-image-488\" src=\"http:\/\/tsv1861ostheimrhoen.de\/wp-content\/uploads\/2013\/11\/2011-sag-3.jpg\" alt=\"\" width=\"1024\" height=\"768\" srcset=\"http:\/\/tsv1861ostheimrhoen.de\/wp-content\/uploads\/2013\/11\/2011-sag-3.jpg 1024w, http:\/\/tsv1861ostheimrhoen.de\/wp-content\/uploads\/2013\/11\/2011-sag-3-300x225.jpg 300w\" sizes=\"auto, (max-width: 1024px) 100vw, 1024px\" \/><\/a><a href=\"http:\/\/tsv1861ostheimrhoen.de\/wp-content\/uploads\/2013\/11\/01010235_1024.jpg\"><img loading=\"lazy\" decoding=\"async\" class=\"aligncenter size-full wp-image-489\" src=\"http:\/\/tsv1861ostheimrhoen.de\/wp-content\/uploads\/2013\/11\/01010235_1024.jpg\" alt=\"\" width=\"1024\" height=\"736\" srcset=\"http:\/\/tsv1861ostheimrhoen.de\/wp-content\/uploads\/2013\/11\/01010235_1024.jpg 1024w, http:\/\/tsv1861ostheimrhoen.de\/wp-content\/uploads\/2013\/11\/01010235_1024-300x215.jpg 300w\" sizes=\"auto, (max-width: 1024px) 100vw, 1024px\" \/><\/a><a href=\"http:\/\/tsv1861ostheimrhoen.de\/wp-content\/uploads\/2013\/11\/05110002_1024.jpg\"><img loading=\"lazy\" decoding=\"async\" class=\"aligncenter size-full wp-image-490\" src=\"http:\/\/tsv1861ostheimrhoen.de\/wp-content\/uploads\/2013\/11\/05110002_1024.jpg\" alt=\"\" width=\"1024\" height=\"736\" srcset=\"http:\/\/tsv1861ostheimrhoen.de\/wp-content\/uploads\/2013\/11\/05110002_1024.jpg 1024w, http:\/\/tsv1861ostheimrhoen.de\/wp-content\/uploads\/2013\/11\/05110002_1024-300x215.jpg 300w\" sizes=\"auto, (max-width: 1024px) 100vw, 1024px\" \/><\/a><a href=\"http:\/\/tsv1861ostheimrhoen.de\/wp-content\/uploads\/2013\/11\/05130033_1024.jpg\"><img loading=\"lazy\" decoding=\"async\" class=\"aligncenter size-full wp-image-491\" src=\"http:\/\/tsv1861ostheimrhoen.de\/wp-content\/uploads\/2013\/11\/05130033_1024.jpg\" alt=\"\" width=\"1024\" height=\"736\" srcset=\"http:\/\/tsv1861ostheimrhoen.de\/wp-content\/uploads\/2013\/11\/05130033_1024.jpg 1024w, http:\/\/tsv1861ostheimrhoen.de\/wp-content\/uploads\/2013\/11\/05130033_1024-300x215.jpg 300w\" sizes=\"auto, (max-width: 1024px) 100vw, 1024px\" \/><\/a><a href=\"http:\/\/tsv1861ostheimrhoen.de\/wp-content\/uploads\/2013\/11\/bild_6_1024.jpg\"><img loading=\"lazy\" decoding=\"async\" class=\"aligncenter size-full wp-image-492\" src=\"http:\/\/tsv1861ostheimrhoen.de\/wp-content\/uploads\/2013\/11\/bild_6_1024.jpg\" alt=\"\" width=\"1024\" height=\"767\" srcset=\"http:\/\/tsv1861ostheimrhoen.de\/wp-content\/uploads\/2013\/11\/bild_6_1024.jpg 1024w, http:\/\/tsv1861ostheimrhoen.de\/wp-content\/uploads\/2013\/11\/bild_6_1024-300x224.jpg 300w\" sizes=\"auto, (max-width: 1024px) 100vw, 1024px\" \/><\/a><a href=\"http:\/\/tsv1861ostheimrhoen.de\/wp-content\/uploads\/2013\/11\/s_2008.jpg\"><img loading=\"lazy\" decoding=\"async\" class=\"aligncenter size-full wp-image-493\" src=\"http:\/\/tsv1861ostheimrhoen.de\/wp-content\/uploads\/2013\/11\/s_2008.jpg\" alt=\"\" width=\"448\" height=\"305\" srcset=\"http:\/\/tsv1861ostheimrhoen.de\/wp-content\/uploads\/2013\/11\/s_2008.jpg 448w, http:\/\/tsv1861ostheimrhoen.de\/wp-content\/uploads\/2013\/11\/s_2008-300x204.jpg 300w\" sizes=\"auto, (max-width: 448px) 100vw, 448px\" \/><\/a><a href=\"http:\/\/tsv1861ostheimrhoen.de\/wp-content\/uploads\/2013\/11\/sag_2__1024.jpg\"><img loading=\"lazy\" decoding=\"async\" class=\"aligncenter size-full wp-image-494\" src=\"http:\/\/tsv1861ostheimrhoen.de\/wp-content\/uploads\/2013\/11\/sag_2__1024.jpg\" alt=\"\" width=\"1024\" height=\"554\" srcset=\"http:\/\/tsv1861ostheimrhoen.de\/wp-content\/uploads\/2013\/11\/sag_2__1024.jpg 1024w, http:\/\/tsv1861ostheimrhoen.de\/wp-content\/uploads\/2013\/11\/sag_2__1024-300x162.jpg 300w\" sizes=\"auto, (max-width: 1024px) 100vw, 1024px\" \/><\/a><a href=\"http:\/\/tsv1861ostheimrhoen.de\/wp-content\/uploads\/2013\/11\/sag_3__1024.jpg\"><img loading=\"lazy\" decoding=\"async\" class=\"aligncenter size-full wp-image-495\" src=\"http:\/\/tsv1861ostheimrhoen.de\/wp-content\/uploads\/2013\/11\/sag_3__1024.jpg\" alt=\"\" width=\"1024\" height=\"482\" srcset=\"http:\/\/tsv1861ostheimrhoen.de\/wp-content\/uploads\/2013\/11\/sag_3__1024.jpg 1024w, http:\/\/tsv1861ostheimrhoen.de\/wp-content\/uploads\/2013\/11\/sag_3__1024-300x141.jpg 300w\" sizes=\"auto, (max-width: 1024px) 100vw, 1024px\" \/><\/a><a href=\"http:\/\/tsv1861ostheimrhoen.de\/wp-content\/uploads\/2013\/11\/sag_mehrere__1024.jpg\"><img loading=\"lazy\" decoding=\"async\" class=\"aligncenter size-full wp-image-496\" src=\"http:\/\/tsv1861ostheimrhoen.de\/wp-content\/uploads\/2013\/11\/sag_mehrere__1024.jpg\" alt=\"\" width=\"1024\" height=\"704\" srcset=\"http:\/\/tsv1861ostheimrhoen.de\/wp-content\/uploads\/2013\/11\/sag_mehrere__1024.jpg 1024w, http:\/\/tsv1861ostheimrhoen.de\/wp-content\/uploads\/2013\/11\/sag_mehrere__1024-300x206.jpg 300w\" sizes=\"auto, (max-width: 1024px) 100vw, 1024px\" \/><\/a><\/p>\n","protected":false},"excerpt":{"rendered":"<p>Der Tennisboom der 80er Jahre erfasste viele Sportler des TSV Ostheim und der Wunsch nach eigenen Tennispl\u00e4tzen wurde konkret. Horst Niemeyer &#8211; von 1983 bis 1990 &#8211; Hauptkassierer beim TSV <a class=\"more-link\" href=\"http:\/\/tsv1861ostheimrhoen.de\/?page_id=1543\">Klicke hier um alles zu lesen &rarr;<\/a><\/p>\n","protected":false},"author":1,"featured_media":0,"parent":26,"menu_order":0,"comment_status":"closed","ping_status":"closed","template":"","meta":{"ngg_post_thumbnail":0,"footnotes":""},"class_list":["post-1543","page","type-page","status-publish","hentry"],"_links":{"self":[{"href":"http:\/\/tsv1861ostheimrhoen.de\/index.php?rest_route=\/wp\/v2\/pages\/1543","targetHints":{"allow":["GET"]}}],"collection":[{"href":"http:\/\/tsv1861ostheimrhoen.de\/index.php?rest_route=\/wp\/v2\/pages"}],"about":[{"href":"http:\/\/tsv1861ostheimrhoen.de\/index.php?rest_route=\/wp\/v2\/types\/page"}],"author":[{"embeddable":true,"href":"http:\/\/tsv1861ostheimrhoen.de\/index.php?rest_route=\/wp\/v2\/users\/1"}],"replies":[{"embeddable":true,"href":"http:\/\/tsv1861ostheimrhoen.de\/index.php?rest_route=%2Fwp%2Fv2%2Fcomments&post=1543"}],"version-history":[{"count":7,"href":"http:\/\/tsv1861ostheimrhoen.de\/index.php?rest_route=\/wp\/v2\/pages\/1543\/revisions"}],"predecessor-version":[{"id":2532,"href":"http:\/\/tsv1861ostheimrhoen.de\/index.php?rest_route=\/wp\/v2\/pages\/1543\/revisions\/2532"}],"up":[{"embeddable":true,"href":"http:\/\/tsv1861ostheimrhoen.de\/index.php?rest_route=\/wp\/v2\/pages\/26"}],"wp:attachment":[{"href":"http:\/\/tsv1861ostheimrhoen.de\/index.php?rest_route=%2Fwp%2Fv2%2Fmedia&parent=1543"}],"curies":[{"name":"wp","href":"https:\/\/api.w.org\/{rel}","templated":true}]}}