{"id":1625,"date":"2013-12-13T18:11:25","date_gmt":"2013-12-13T16:11:25","guid":{"rendered":"http:\/\/tsv1861ostheimrhoen.de\/?page_id=1625"},"modified":"2013-12-13T18:17:13","modified_gmt":"2013-12-13T16:17:13","slug":"mutter-kind-turnen","status":"publish","type":"page","link":"http:\/\/tsv1861ostheimrhoen.de\/?page_id=1625","title":{"rendered":"Mutter-Kind-Turnen"},"content":{"rendered":"<p><a href=\"http:\/\/tsv1861ostheimrhoen.de\/wp-content\/uploads\/2013\/12\/b_1250960324903.jpg\"><img loading=\"lazy\" decoding=\"async\" class=\"aligncenter size-full wp-image-1628\" alt=\"\" src=\"http:\/\/tsv1861ostheimrhoen.de\/wp-content\/uploads\/2013\/12\/b_1250960324903.jpg\" width=\"427\" height=\"282\" srcset=\"http:\/\/tsv1861ostheimrhoen.de\/wp-content\/uploads\/2013\/12\/b_1250960324903.jpg 427w, http:\/\/tsv1861ostheimrhoen.de\/wp-content\/uploads\/2013\/12\/b_1250960324903-300x198.jpg 300w\" sizes=\"auto, (max-width: 427px) 100vw, 427px\" \/><\/a>Kinder von zweieinhalb bis f\u00fcnf Jahren k\u00f6nnen Donnerstags von <strong>16.00\u00a0Uhr &#8211; 16.45 Uhr<\/strong> und von <strong>16.45\u00a0Uhr &#8211; 17.30 Uhr<\/strong> mit Ihren Eltern oder Gro\u00dfeltern in der Turnhalle in Ostheim Sport treiben. Neben Sing- und Bewegungsspielen d\u00fcrfen sich die Kleinsten auf Ger\u00e4telandschaften spielerisch erproben. An Fasching gerne auch im Kost\u00fcm.<\/p>\n","protected":false},"excerpt":{"rendered":"<p>Kinder von zweieinhalb bis f\u00fcnf Jahren k\u00f6nnen Donnerstags von 16.00\u00a0Uhr &#8211; 16.45 Uhr und von 16.45\u00a0Uhr &#8211; 17.30 Uhr mit Ihren Eltern oder Gro\u00dfeltern in der Turnhalle in Ostheim Sport <a class=\"more-link\" href=\"http:\/\/tsv1861ostheimrhoen.de\/?page_id=1625\">Klicke hier um alles zu lesen &rarr;<\/a><\/p>\n","protected":false},"author":1,"featured_media":0,"parent":32,"menu_order":0,"comment_status":"closed","ping_status":"closed","template":"","meta":{"ngg_post_thumbnail":0,"footnotes":""},"class_list":["post-1625","page","type-page","status-publish","hentry"],"_links":{"self":[{"href":"http:\/\/tsv1861ostheimrhoen.de\/index.php?rest_route=\/wp\/v2\/pages\/1625","targetHints":{"allow":["GET"]}}],"collection":[{"href":"http:\/\/tsv1861ostheimrhoen.de\/index.php?rest_route=\/wp\/v2\/pages"}],"about":[{"href":"http:\/\/tsv1861ostheimrhoen.de\/index.php?rest_route=\/wp\/v2\/types\/page"}],"author":[{"embeddable":true,"href":"http:\/\/tsv1861ostheimrhoen.de\/index.php?rest_route=\/wp\/v2\/users\/1"}],"replies":[{"embeddable":true,"href":"http:\/\/tsv1861ostheimrhoen.de\/index.php?rest_route=%2Fwp%2Fv2%2Fcomments&post=1625"}],"version-history":[{"count":2,"href":"http:\/\/tsv1861ostheimrhoen.de\/index.php?rest_route=\/wp\/v2\/pages\/1625\/revisions"}],"predecessor-version":[{"id":1629,"href":"http:\/\/tsv1861ostheimrhoen.de\/index.php?rest_route=\/wp\/v2\/pages\/1625\/revisions\/1629"}],"up":[{"embeddable":true,"href":"http:\/\/tsv1861ostheimrhoen.de\/index.php?rest_route=\/wp\/v2\/pages\/32"}],"wp:attachment":[{"href":"http:\/\/tsv1861ostheimrhoen.de\/index.php?rest_route=%2Fwp%2Fv2%2Fmedia&parent=1625"}],"curies":[{"name":"wp","href":"https:\/\/api.w.org\/{rel}","templated":true}]}}