{"id":18,"date":"2013-11-05T22:27:38","date_gmt":"2013-11-05T20:27:38","guid":{"rendered":"http:\/\/test-41749.alfa3044.alfahosting-server.de\/wordpress\/?page_id=18"},"modified":"2013-12-01T10:13:31","modified_gmt":"2013-12-01T08:13:31","slug":"fussball","status":"publish","type":"page","link":"http:\/\/tsv1861ostheimrhoen.de\/?page_id=18","title":{"rendered":"FU\u00dfBALL"},"content":{"rendered":"<p><strong><span style=\"font-family: arial,helvetica,sans-serif; font-size: 16px;\">Sie m\u00fcssen mit dem Mauszeiger \u00fcber den gew\u00fcnschten Bereich fahren und<\/span><\/strong><br \/>\n<strong><span style=\"font-family: arial,helvetica,sans-serif; font-size: 16px;\"> einen der Men\u00fcpunkte ausw\u00e4hlen!<\/span><\/strong><\/p>\n<p><a href=\"http:\/\/tsv1861ostheimrhoen.de\/wp-content\/uploads\/2013\/11\/bevor-das-spiel_28872461.jpg\"><img loading=\"lazy\" decoding=\"async\" class=\"aligncenter size-full wp-image-1406\" alt=\"\" src=\"http:\/\/tsv1861ostheimrhoen.de\/wp-content\/uploads\/2013\/11\/bevor-das-spiel_28872461.jpg\" width=\"300\" height=\"200\" \/><\/a><\/p>\n","protected":false},"excerpt":{"rendered":"<p>Sie m\u00fcssen mit dem Mauszeiger \u00fcber den gew\u00fcnschten Bereich fahren und einen der Men\u00fcpunkte ausw\u00e4hlen!<\/p>\n","protected":false},"author":1,"featured_media":0,"parent":0,"menu_order":0,"comment_status":"closed","ping_status":"closed","template":"","meta":{"ngg_post_thumbnail":0,"footnotes":""},"class_list":["post-18","page","type-page","status-publish","hentry"],"_links":{"self":[{"href":"http:\/\/tsv1861ostheimrhoen.de\/index.php?rest_route=\/wp\/v2\/pages\/18","targetHints":{"allow":["GET"]}}],"collection":[{"href":"http:\/\/tsv1861ostheimrhoen.de\/index.php?rest_route=\/wp\/v2\/pages"}],"about":[{"href":"http:\/\/tsv1861ostheimrhoen.de\/index.php?rest_route=\/wp\/v2\/types\/page"}],"author":[{"embeddable":true,"href":"http:\/\/tsv1861ostheimrhoen.de\/index.php?rest_route=\/wp\/v2\/users\/1"}],"replies":[{"embeddable":true,"href":"http:\/\/tsv1861ostheimrhoen.de\/index.php?rest_route=%2Fwp%2Fv2%2Fcomments&post=18"}],"version-history":[{"count":11,"href":"http:\/\/tsv1861ostheimrhoen.de\/index.php?rest_route=\/wp\/v2\/pages\/18\/revisions"}],"predecessor-version":[{"id":1494,"href":"http:\/\/tsv1861ostheimrhoen.de\/index.php?rest_route=\/wp\/v2\/pages\/18\/revisions\/1494"}],"wp:attachment":[{"href":"http:\/\/tsv1861ostheimrhoen.de\/index.php?rest_route=%2Fwp%2Fv2%2Fmedia&parent=18"}],"curies":[{"name":"wp","href":"https:\/\/api.w.org\/{rel}","templated":true}]}}