{"id":1987,"date":"2014-02-02T14:17:21","date_gmt":"2014-02-02T12:17:21","guid":{"rendered":"http:\/\/tsv1861ostheimrhoen.de\/?page_id=1987"},"modified":"2016-10-14T19:04:54","modified_gmt":"2016-10-14T17:04:54","slug":"info-seite-fussball-jugend","status":"publish","type":"page","link":"http:\/\/tsv1861ostheimrhoen.de\/?page_id=1987","title":{"rendered":"Info-Seite Jugendfu\u00dfball"},"content":{"rendered":"<p>Auf dieser Seite wird es in Zukunft alle Daten Jugendfu\u00dfball zum Download geben. So hat jeder (vor allem die Eltern) IMMER Zugriff auf Daten wie Adressen, Spielpl\u00e4ne, Termine usw.<\/p>\n<p>Wir hoffen hiermit, einen kleinen Schritt, zur Verbesserung und Transparenz, f\u00fcr alle im Jugendbereich Fu\u00dfball zu schaffen.<\/p>\n<p>(Seite noch im Aufbau &#8211; mehr folgt in k\u00fcrze)<\/p>\n<p><span style=\"text-decoration: underline;\"><strong>Informations &#8211; Bereich: Eltern Fuba Jugend:<\/strong><\/span><\/p>\n<p><a href=\"http:\/\/tsv1861ostheimrhoen.de\/wp-content\/uploads\/2014\/02\/Spielplan-G-Jugend.pdf\">Spielplan G Jugend<\/a><\/p>\n<p><a href=\"http:\/\/tsv1861ostheimrhoen.de\/wp-content\/uploads\/2014\/02\/spielplan-U15-Cjugend.pdf\">spielplan U15 Cjugend<\/a><\/p>\n<p><a href=\"http:\/\/tsv1861ostheimrhoen.de\/wp-content\/uploads\/2014\/02\/spielplan-U13-Djugend.pdf\">spielplan U13 Djugend<\/a><\/p>\n<p><a href=\"http:\/\/tsv1861ostheimrhoen.de\/wp-content\/uploads\/2014\/02\/spielplan-U11-E-jugend.pdf\">spielplan U11 E jugend<\/a><\/p>\n<p><a href=\"http:\/\/tsv1861ostheimrhoen.de\/?p=2302\">\u00dcbersicht Trainerdaten, Trainingszeiten Saison 2014-2015<\/a><\/p>\n<p><a title=\"Trainerdaten 2013 \/ 2014\" href=\"http:\/\/tsv1861ostheimrhoen.de\/wp-content\/uploads\/2014\/02\/\u00dcbersicht-Trainerdaten-Stand-2013-2014.doc\">\u00dcbersicht Trainerdaten Stand 2013 2014<\/a><\/p>\n<p><a href=\"http:\/\/tsv1861ostheimrhoen.de\/wp-content\/uploads\/2014\/02\/Spielplan-D-Jugend-2013-2014.pdf\">Spielplan-D Jugend 2013 &#8211; 2014<\/a><\/p>\n<p><a href=\"http:\/\/tsv1861ostheimrhoen.de\/wp-content\/uploads\/2014\/02\/F-Jugend-Spielplan-2013.pdf\">F Jugend Spielplan 2013<\/a><\/p>\n<p><span style=\"text-decoration: underline;\"><strong>Informations &#8211; Bereich:Trainer Fuba Jugend:<\/strong><\/span><\/p>\n<p><a href=\"http:\/\/tsv1861ostheimrhoen.de\/wp-content\/uploads\/2014\/02\/Ergebnismeldung.pdf\">Ergebnismeldung<\/a><\/p>\n<p><a href=\"http:\/\/tsv1861ostheimrhoen.de\/wp-content\/uploads\/2014\/02\/Richtiges-Ausfuellen-des-Spielberichts.pdf\">Richtiges Ausfuellen des Spielberichts<\/a><\/p>\n<p><a href=\"http:\/\/tsv1861ostheimrhoen.de\/wp-content\/uploads\/2014\/02\/Jugendordnung-bfv.pdf\">Jugendordnung-bfv<\/a><\/p>\n<p><a href=\"http:\/\/tsv1861ostheimrhoen.de\/wp-content\/uploads\/2014\/02\/Regelheft_2013-14-DFB.pdf\">Regelheft 2013-14-DFB<\/a><\/p>\n<p><a href=\"http:\/\/tsv1861ostheimrhoen.de\/wp-content\/uploads\/2014\/02\/Passantrag_Jugend.doc\">Passantrag Jugend<\/a><\/p>\n","protected":false},"excerpt":{"rendered":"<p>Auf dieser Seite wird es in Zukunft alle Daten Jugendfu\u00dfball zum Download geben. So hat jeder (vor allem die Eltern) IMMER Zugriff auf Daten wie Adressen, Spielpl\u00e4ne, Termine usw. Wir <a class=\"more-link\" href=\"http:\/\/tsv1861ostheimrhoen.de\/?page_id=1987\">Klicke hier um alles zu lesen &rarr;<\/a><\/p>\n","protected":false},"author":1,"featured_media":0,"parent":18,"menu_order":0,"comment_status":"open","ping_status":"closed","template":"","meta":{"ngg_post_thumbnail":0,"footnotes":""},"class_list":["post-1987","page","type-page","status-publish","hentry"],"_links":{"self":[{"href":"http:\/\/tsv1861ostheimrhoen.de\/index.php?rest_route=\/wp\/v2\/pages\/1987","targetHints":{"allow":["GET"]}}],"collection":[{"href":"http:\/\/tsv1861ostheimrhoen.de\/index.php?rest_route=\/wp\/v2\/pages"}],"about":[{"href":"http:\/\/tsv1861ostheimrhoen.de\/index.php?rest_route=\/wp\/v2\/types\/page"}],"author":[{"embeddable":true,"href":"http:\/\/tsv1861ostheimrhoen.de\/index.php?rest_route=\/wp\/v2\/users\/1"}],"replies":[{"embeddable":true,"href":"http:\/\/tsv1861ostheimrhoen.de\/index.php?rest_route=%2Fwp%2Fv2%2Fcomments&post=1987"}],"version-history":[{"count":12,"href":"http:\/\/tsv1861ostheimrhoen.de\/index.php?rest_route=\/wp\/v2\/pages\/1987\/revisions"}],"predecessor-version":[{"id":2365,"href":"http:\/\/tsv1861ostheimrhoen.de\/index.php?rest_route=\/wp\/v2\/pages\/1987\/revisions\/2365"}],"up":[{"embeddable":true,"href":"http:\/\/tsv1861ostheimrhoen.de\/index.php?rest_route=\/wp\/v2\/pages\/18"}],"wp:attachment":[{"href":"http:\/\/tsv1861ostheimrhoen.de\/index.php?rest_route=%2Fwp%2Fv2%2Fmedia&parent=1987"}],"curies":[{"name":"wp","href":"https:\/\/api.w.org\/{rel}","templated":true}]}}