{"id":22,"date":"2013-11-05T22:28:20","date_gmt":"2013-11-05T20:28:20","guid":{"rendered":"http:\/\/test-41749.alfa3044.alfahosting-server.de\/wordpress\/?page_id=22"},"modified":"2013-11-29T07:27:32","modified_gmt":"2013-11-29T05:27:32","slug":"kegeln","status":"publish","type":"page","link":"http:\/\/tsv1861ostheimrhoen.de\/?page_id=22","title":{"rendered":"KEGELN"},"content":{"rendered":"<p><strong>Sie m\u00fcssen mit dem Mauszeiger \u00fcber den gew\u00fcnschten Bereich fahren und<\/strong><br \/>\n<strong> einen der Men\u00fcpunkte ausw\u00e4hlen!<\/strong><\/p>\n<p><a href=\"http:\/\/tsv1861ostheimrhoen.de\/wp-content\/uploads\/2013\/11\/bowling_21872761.jpg\"><img loading=\"lazy\" decoding=\"async\" class=\"aligncenter size-full wp-image-1405\" alt=\"\" src=\"http:\/\/tsv1861ostheimrhoen.de\/wp-content\/uploads\/2013\/11\/bowling_21872761.jpg\" width=\"300\" height=\"200\" \/><\/a><\/p>\n<p><strong>\u00a0<\/strong><\/p>\n","protected":false},"excerpt":{"rendered":"<p>Sie m\u00fcssen mit dem Mauszeiger \u00fcber den gew\u00fcnschten Bereich fahren und einen der Men\u00fcpunkte ausw\u00e4hlen! \u00a0<\/p>\n","protected":false},"author":1,"featured_media":0,"parent":0,"menu_order":0,"comment_status":"closed","ping_status":"closed","template":"","meta":{"ngg_post_thumbnail":0,"footnotes":""},"class_list":["post-22","page","type-page","status-publish","hentry"],"_links":{"self":[{"href":"http:\/\/tsv1861ostheimrhoen.de\/index.php?rest_route=\/wp\/v2\/pages\/22","targetHints":{"allow":["GET"]}}],"collection":[{"href":"http:\/\/tsv1861ostheimrhoen.de\/index.php?rest_route=\/wp\/v2\/pages"}],"about":[{"href":"http:\/\/tsv1861ostheimrhoen.de\/index.php?rest_route=\/wp\/v2\/types\/page"}],"author":[{"embeddable":true,"href":"http:\/\/tsv1861ostheimrhoen.de\/index.php?rest_route=\/wp\/v2\/users\/1"}],"replies":[{"embeddable":true,"href":"http:\/\/tsv1861ostheimrhoen.de\/index.php?rest_route=%2Fwp%2Fv2%2Fcomments&post=22"}],"version-history":[{"count":6,"href":"http:\/\/tsv1861ostheimrhoen.de\/index.php?rest_route=\/wp\/v2\/pages\/22\/revisions"}],"predecessor-version":[{"id":1490,"href":"http:\/\/tsv1861ostheimrhoen.de\/index.php?rest_route=\/wp\/v2\/pages\/22\/revisions\/1490"}],"wp:attachment":[{"href":"http:\/\/tsv1861ostheimrhoen.de\/index.php?rest_route=%2Fwp%2Fv2%2Fmedia&parent=22"}],"curies":[{"name":"wp","href":"https:\/\/api.w.org\/{rel}","templated":true}]}}