{"id":24,"date":"2013-11-05T22:29:33","date_gmt":"2013-11-05T20:29:33","guid":{"rendered":"http:\/\/test-41749.alfa3044.alfahosting-server.de\/wordpress\/?page_id=24"},"modified":"2021-02-28T15:14:49","modified_gmt":"2021-02-28T13:14:49","slug":"ski","status":"publish","type":"page","link":"http:\/\/tsv1861ostheimrhoen.de\/?page_id=24","title":{"rendered":"FAN-SPORT"},"content":{"rendered":"<p style=\"text-align: left;\"><strong>Sie m\u00fcssen mit dem Mauszeiger \u00fcber den gew\u00fcnschten Bereich fahren und<\/strong><br \/>\n<strong> einen der Men\u00fcpunkte ausw\u00e4hlen!<\/strong><\/p>\n<p style=\"text-align: left;\"><a href=\"http:\/\/tsv1861ostheimrhoen.de\/wp-content\/uploads\/2012\/01\/allalin-horn-1_26880551.jpg\"><img loading=\"lazy\" decoding=\"async\" class=\"aligncenter size-full wp-image-1409\" src=\"http:\/\/tsv1861ostheimrhoen.de\/wp-content\/uploads\/2012\/01\/allalin-horn-1_26880551.jpg\" alt=\"\" width=\"300\" height=\"200\"><\/a><\/p>\n","protected":false},"excerpt":{"rendered":"<p>Sie m\u00fcssen mit dem Mauszeiger \u00fcber den gew\u00fcnschten Bereich fahren und einen der Men\u00fcpunkte ausw\u00e4hlen!<\/p>\n","protected":false},"author":1,"featured_media":0,"parent":0,"menu_order":0,"comment_status":"closed","ping_status":"closed","template":"","meta":{"ngg_post_thumbnail":0,"footnotes":""},"class_list":["post-24","page","type-page","status-publish","hentry"],"_links":{"self":[{"href":"http:\/\/tsv1861ostheimrhoen.de\/index.php?rest_route=\/wp\/v2\/pages\/24","targetHints":{"allow":["GET"]}}],"collection":[{"href":"http:\/\/tsv1861ostheimrhoen.de\/index.php?rest_route=\/wp\/v2\/pages"}],"about":[{"href":"http:\/\/tsv1861ostheimrhoen.de\/index.php?rest_route=\/wp\/v2\/types\/page"}],"author":[{"embeddable":true,"href":"http:\/\/tsv1861ostheimrhoen.de\/index.php?rest_route=\/wp\/v2\/users\/1"}],"replies":[{"embeddable":true,"href":"http:\/\/tsv1861ostheimrhoen.de\/index.php?rest_route=%2Fwp%2Fv2%2Fcomments&post=24"}],"version-history":[{"count":8,"href":"http:\/\/tsv1861ostheimrhoen.de\/index.php?rest_route=\/wp\/v2\/pages\/24\/revisions"}],"predecessor-version":[{"id":2548,"href":"http:\/\/tsv1861ostheimrhoen.de\/index.php?rest_route=\/wp\/v2\/pages\/24\/revisions\/2548"}],"wp:attachment":[{"href":"http:\/\/tsv1861ostheimrhoen.de\/index.php?rest_route=%2Fwp%2Fv2%2Fmedia&parent=24"}],"curies":[{"name":"wp","href":"https:\/\/api.w.org\/{rel}","templated":true}]}}