{"id":2407,"date":"2018-05-25T19:32:33","date_gmt":"2018-05-25T17:32:33","guid":{"rendered":"http:\/\/tsv1861ostheimrhoen.de\/?page_id=2407"},"modified":"2018-05-25T19:36:24","modified_gmt":"2018-05-25T17:36:24","slug":"datenschutz","status":"publish","type":"page","link":"http:\/\/tsv1861ostheimrhoen.de\/?page_id=2407","title":{"rendered":"Datenschutz"},"content":{"rendered":"<p>Verantwortliche Stelle im Sinne der Datenschutzgesetze, insbesondere der EU-Datenschutzgrundverordnung (DSGVO), ist:<\/p>\n<pre><span style=\"font-family: arial,helvetica,sans-serif;\"><span style=\"font-size: 12pt;\">TSV 1861 Ostheim v.d. Rh\u00f6n e.V<\/span>.<span style=\"font-size: 12pt;\">\r\n1. Vorsitzender Heiko Zehe\r\nWasunger Str. 11\r\n97645 Ostheim<\/span><\/span><\/pre>\n<p>Ihre Betroffenenrechte<br \/>\nUnter den angegebenen Kontaktdaten unseres Datenschutzbeauftragten k\u00f6nnen Sie jederzeit folgende Rechte aus\u00fcben:<br \/>\n\u2022 Auskunft \u00fcber Ihre bei uns gespeicherten Daten und deren Verarbeitung, Berichtigung unrichtiger personenbezogener Daten,<br \/>\n\u2022 L\u00f6schung Ihrer bei uns gespeicherten Daten,<br \/>\n\u2022 Einschr\u00e4nkung der Datenverarbeitung, sofern wir Ihre Daten aufgrund gesetzlicher Pflichten noch nicht l\u00f6schen d\u00fcrfen,<br \/>\n\u2022 Widerspruch gegen die Verarbeitung Ihrer Daten bei uns und<br \/>\nDaten\u00fcbertragbarkeit, sofern Sie in die Datenverarbeitung eingewilligt haben oder einen Vertrag mit uns abgeschlossen haben.<br \/>\nSofern Sie uns eine Einwilligung erteilt haben, k\u00f6nnen Sie diese jederzeit mit Wirkung f\u00fcr die Zukunft widerrufen. Sie k\u00f6nnen sich jederzeit mit einer Beschwerde an die f\u00fcr Sie zust\u00e4ndige Aufsichtsbeh\u00f6rde wenden. Ihre zust\u00e4ndige Aufsichtsbeh\u00f6rde richtet sich nach dem Bundesland Ihres Wohnsitzes, Ihrer Arbeit oder der mutma\u00dflichen Verletzung. Im Zweifelsfall wenden Sie sich an:<\/p>\n<p>Bayerisches Landesamt f\u00fcr Datenschutzaufsicht<br \/>\nPromenade 27 \u2022 91522 Ansbach<br \/>\nTel.: 0981 531300 Fax: 0981 53981300<br \/>\nE-Mail: <a href=\"mailto:poststelle@lda.bayern.de\">poststelle@lda.bayern.de<\/a><br \/>\nWeb: <a href=\"http:\/\/www.lda.bayern.de\">www.lda.bayern.de<\/a><\/p>\n<p>Zwecke der Datenverarbeitung durch die verantwortliche Stelle und Dritte:<br \/>\nWir verarbeiten Ihre personenbezogenen Daten nur zu den in unserer Satzung genannten Zwecken. Eine \u00dcbermittlung Ihrer pers\u00f6nlichen Daten an Dritte zu anderen als den genannten Zwecken findet nicht statt. Wir geben Ihre pers\u00f6nlichen Daten nur an Dritte weiter, wenn:<br \/>\n\u2022 Sie Ihre ausdr\u00fcckliche Einwilligung dazu erteilt haben,<br \/>\ndie Verarbeitung zur Abwicklung eines Vertrags mit Ihnen erforderlich ist,<br \/>\n\u2022 die Verarbeitung zur Erf\u00fcllung einer rechtlichen Verpflichtung erforderlich ist,<br \/>\n\u2022 die Verarbeitung zur Wahrung berechtigter Interessen erforderlich ist und kein Grund zur Annahme besteht, dass Sie ein \u00fcberwiegendes schutzw\u00fcrdiges Interesse an der Nichtweitergabe Ihrer Daten haben.<\/p>\n<p>L\u00f6schung bzw. Sperrung der Daten<br \/>\nWir halten uns an die Grunds\u00e4tze der Datenvermeidung und Datensparsamkeit. Wir speichern Ihre personenbezogenen Daten daher nur so lange, wie dies zur Erreichung der satzungsm\u00e4\u00dfigen Zwecke erforderlich ist oder wie es die vom Gesetzgeber vorgesehenen vielf\u00e4ltigen Speicherfristen vorsehen. Nach Fortfall des jeweiligen Zweckes bzw. Ablauf dieser Fristen werden die entsprechenden Daten routinem\u00e4\u00dfig und entsprechend den gesetzlichen Vorschriften gesperrt oder gel\u00f6scht.<\/p>\n<p>Erfassung allgemeiner Informationen beim Besuch unserer Website<br \/>\nWenn Sie auf unsere Website zugreifen, werden automatisch mittels eines Cookies Informationen allgemeiner Natur erfasst. Diese Informationen (Server-Logfiles) beinhalten etwa die Art des Webbrowsers, das verwendete Betriebssystem, den Domainnamen Ihres Internet-Service-Providers und \u00e4hnliches. Hierbei handelt es sich ausschlie\u00dflich um Informationen, welche keine R\u00fcckschl\u00fcsse auf Ihre Person zulassen. Diese Informationen sind technisch notwendig, um von Ihnen angeforderte Inhalte von Webseiten korrekt auszuliefern und fallen bei Nutzung des Internets zwingend an. Sie werden insbesondere zu folgenden Zwecken verarbeitet:<br \/>\n&#8211; Sicherstellung eines problemlosen Verbindungsaufbaus der Website,<br \/>\n&#8211; Sicherstellung einer reibungslosen Nutzung unserer Website,<br \/>\n&#8211; Auswertung der Systemsicherheit und -stabilit\u00e4t sowie<br \/>\n&#8211; zu weiteren administrativen Zwecken.<br \/>\nDie Verarbeitung Ihrer personenbezogenen Daten basiert auf unserer Satzung aus den vorgenannten Zwecken zur Datenerhebung. Wir verwenden Ihre Daten nicht, um R\u00fcckschl\u00fcsse auf Ihre Person zu ziehen. Empf\u00e4nger der Daten sind nur die verantwortliche Stelle.<\/p>\n<p>Cookies<br \/>\nWie viele andere Webseiten verwenden wir auch so genannte \u201eCookies\u201c. Cookies sind kleine Textdateien, die von einem Websiteserver auf Ihre Festplatte \u00fcbertragen werden. Hierdurch erhalten wir automatisch bestimmte Daten wie z. B. IP-Adresse, verwendeter Browser, Betriebssystem und Ihre Verbindung zum Internet. Cookies k\u00f6nnen nicht verwendet werden, um Programme zu starten oder Viren auf einen Computer zu \u00fcbertragen. Anhand der in Cookies enthaltenen Informationen k\u00f6nnen wir Ihnen die Navigation erleichtern und die korrekte Anzeige unserer Webseiten erm\u00f6glichen. In keinem Fall werden die von uns erfassten Daten an Dritte weitergegeben oder ohne Ihre Einwilligung eine Verkn\u00fcpfung mit personenbezogenen Daten hergestellt.<br \/>\nNat\u00fcrlich k\u00f6nnen Sie unsere Website grunds\u00e4tzlich auch ohne Cookies betrachten. Internet-Browser sind regelm\u00e4\u00dfig so eingestellt, dass sie Cookies akzeptieren. Im Allgemeinen k\u00f6nnen Sie die Verwendung von Cookies jederzeit \u00fcber die Einstellungen Ihres Browsers deaktivieren. Bitte verwenden Sie die Hilfefunktionen Ihres Internetbrowsers, um zu erfahren, wie Sie diese Einstellungen \u00e4ndern k\u00f6nnen. Bitte beachten Sie, dass einzelne Funktionen unserer Website m\u00f6glicherweise nicht funktionieren, wenn Sie die Verwendung von Cookies deaktiviert haben.<\/p>\n<p>Beitragserbringung<br \/>\nZur Erbringung satzungsm\u00e4\u00dfiger Beitr\u00e4ge werden von uns zus\u00e4tzliche Daten erfragt, wie z.B. Zahlungsangaben. Wir speichern diese Daten in unseren Systemen bis die gesetzliche Aufbewahrungsfrist abgelaufen ist.<\/p>\n<p>SSL-Verschl\u00fcsselung<br \/>\nUm die Sicherheit Ihrer Daten bei der \u00dcbertragung zu sch\u00fctzen, verwenden wir dem aktuellen Stand der Technik entsprechende Verschl\u00fcsselungsverfahren (z. B. SSL) \u00fcber HTTPS.<\/p>\n<p>Kontaktformular<br \/>\nTreten Sie bzgl. Fragen jeglicher Art per E-Mail oder Kontaktformular mit uns in Kontakt, erteilen Sie uns zum Zwecke der Kontaktaufnahme Ihre freiwillige Einwilligung. Hierf\u00fcr ist die Angabe einer validen E-Mail-Adresse erforderlich. Diese dient der Zuordnung der Anfrage und der anschlie\u00dfenden Beantwortung derselben. Die Angabe weiterer Daten ist optional. Die von Ihnen gemachten Angaben werden zum Zwecke der Bearbeitung der Anfrage sowie f\u00fcr m\u00f6gliche Anschlu\u00dffragen gespeichert. Nach Erledigung der von Ihnen gestellten Anfrage werden personenbezogene Daten automatisch gel\u00f6scht.<\/p>\n<p>\u00c4nderung unserer Datenschutzbestimmungen<br \/>\nWir behalten uns vor, diese Datenschutzerkl\u00e4rung anzupassen, damit sie stets den aktuellen rechtlichen Anforderungen entspricht oder um \u00c4nderungen unserer Leistungen in der Datenschutzerkl\u00e4rung umzusetzen, z.B. bei der Einf\u00fchrung neuer Services. F\u00fcr Ihren erneuten Besuch gilt dann die neue Datenschutzerkl\u00e4rung.<\/p>\n<p>Fragen an den Datenschutzbeauftragten<br \/>\nWenn Sie Fragen zum Datenschutz haben, schreiben Sie uns bitte eine E-Mail oder wenden Sie sich direkt an die f\u00fcr den Datenschutz verantwortliche Person in unserem Sportverein:<\/p>\n<pre><span style=\"font-family: arial,helvetica,sans-serif; font-size: 10pt;\">\r\nTSV 1861 Ostheim v.d. Rh\u00f6n e.V.\r\nSilvio Hochheim\r\nLudwig-Jahn-Str. 15\r\n97645 Ostheim\r\n<a href=\"mailto:tsv-ostheim@t-online.de\">tsv-ostheim@t-online.de\r\n<\/a><\/span><\/pre>\n","protected":false},"excerpt":{"rendered":"<p>Verantwortliche Stelle im Sinne der Datenschutzgesetze, insbesondere der EU-Datenschutzgrundverordnung (DSGVO), ist: TSV 1861 Ostheim v.d. Rh\u00f6n e.V. 1. Vorsitzender Heiko Zehe Wasunger Str. 11 97645 Ostheim Ihre Betroffenenrechte Unter den <a class=\"more-link\" href=\"http:\/\/tsv1861ostheimrhoen.de\/?page_id=2407\">Klicke hier um alles zu lesen &rarr;<\/a><\/p>\n","protected":false},"author":1,"featured_media":0,"parent":0,"menu_order":0,"comment_status":"closed","ping_status":"closed","template":"","meta":{"ngg_post_thumbnail":0,"footnotes":""},"class_list":["post-2407","page","type-page","status-publish","hentry"],"_links":{"self":[{"href":"http:\/\/tsv1861ostheimrhoen.de\/index.php?rest_route=\/wp\/v2\/pages\/2407","targetHints":{"allow":["GET"]}}],"collection":[{"href":"http:\/\/tsv1861ostheimrhoen.de\/index.php?rest_route=\/wp\/v2\/pages"}],"about":[{"href":"http:\/\/tsv1861ostheimrhoen.de\/index.php?rest_route=\/wp\/v2\/types\/page"}],"author":[{"embeddable":true,"href":"http:\/\/tsv1861ostheimrhoen.de\/index.php?rest_route=\/wp\/v2\/users\/1"}],"replies":[{"embeddable":true,"href":"http:\/\/tsv1861ostheimrhoen.de\/index.php?rest_route=%2Fwp%2Fv2%2Fcomments&post=2407"}],"version-history":[{"count":11,"href":"http:\/\/tsv1861ostheimrhoen.de\/index.php?rest_route=\/wp\/v2\/pages\/2407\/revisions"}],"predecessor-version":[{"id":2417,"href":"http:\/\/tsv1861ostheimrhoen.de\/index.php?rest_route=\/wp\/v2\/pages\/2407\/revisions\/2417"}],"wp:attachment":[{"href":"http:\/\/tsv1861ostheimrhoen.de\/index.php?rest_route=%2Fwp%2Fv2%2Fmedia&parent=2407"}],"curies":[{"name":"wp","href":"https:\/\/api.w.org\/{rel}","templated":true}]}}