{"id":271,"date":"2013-11-09T13:41:22","date_gmt":"2013-11-09T11:41:22","guid":{"rendered":"http:\/\/test-41749.alfa3044.alfahosting-server.de\/wordpress\/?page_id=271"},"modified":"2014-09-03T12:45:47","modified_gmt":"2014-09-03T10:45:47","slug":"trainingszeiten","status":"publish","type":"page","link":"http:\/\/tsv1861ostheimrhoen.de\/?page_id=271","title":{"rendered":"Trainingszeiten"},"content":{"rendered":"<p><span style=\"text-decoration: underline;\"><strong>Jugendfu\u00dfball<\/strong><\/span><\/p>\n<p><strong>U19(A) und U17(B)<\/strong><br \/>\nSpielgemeinschaft JFG Oberes Streutal<br \/>\nTrainer: Michael Diez (Ostheim) &amp; Marco Baumbach<br \/>\nTraining: Montag &amp; Mittwoch 19.00 Uhr \u2013 in Willmars \u2013 Start Training: hat begonnen<\/p>\n<p><strong>U15(C)<\/strong><br \/>\nTSV Ostheim<br \/>\nTrainer: Holger Klemm, Julian Trabert, Michael Marschall<br \/>\nTraining: Mittwoch 18.30 \u2013 in Ostheim \u2013 Start Training 27.08.2014<\/p>\n<p><strong>U13(D)<\/strong><br \/>\nTSV Ostheim<br \/>\nTrainer: Lucas Hoderman, Benny Schneider, Andre Herbst<br \/>\nTraining: Montag &amp; Mittwoch 18.30 \u2013 in Ostheim \u2013 Start Training: hat begonnen<\/p>\n<p><strong>U11(E)<\/strong><br \/>\nTSV Ostheim<br \/>\nTrainer: S\u00f6ren Klee, Robin Insam, Mario Adam<br \/>\nTraining: Dienstag 17.30 \u2013 18.30 in Ostheim \u2013 Start Training: 16.09.2014<\/p>\n<p><strong>U9(F)<\/strong><br \/>\nAb Saison 2015<\/p>\n<p><strong>U7(G) Bambinis<\/strong><br \/>\nTSV Ostheim<br \/>\nTrainer: Rainer Graumann, Thomas Radina, Marco Hildebrand, Manuel Streit<br \/>\nTraining: Mittwoch 17.00 Uhr \u2013 Start Training: 10.09.2014<\/p>\n<p><span style=\"text-decoration: underline;\"><strong>1. Manschaft [Herren]<\/strong><\/span><\/p>\n<p>Dienstag: 19.00 Uhr Sportplatz Ostheim<br \/>\nFreitag:\u00a0\u00a0\u00a0 19.00 Uhr Sportplatz Ostheim<\/p>\n<p>Bei uns ist <strong>jeder Willkommen<\/strong>, der gerne Fu\u00dfball spielen m\u00f6chte. Wer bei uns mitmachen m\u00f6chte, kommt am besten einfach mal zum Training und schaut sich das ganze mal an. Unsere Trainer helfen euch dann gerne direkt vor Ort weiter.<\/p>\n","protected":false},"excerpt":{"rendered":"<p>Jugendfu\u00dfball U19(A) und U17(B) Spielgemeinschaft JFG Oberes Streutal Trainer: Michael Diez (Ostheim) &amp; Marco Baumbach Training: Montag &amp; Mittwoch 19.00 Uhr \u2013 in Willmars \u2013 Start Training: hat begonnen U15(C) <a class=\"more-link\" href=\"http:\/\/tsv1861ostheimrhoen.de\/?page_id=271\">Klicke hier um alles zu lesen &rarr;<\/a><\/p>\n","protected":false},"author":1,"featured_media":0,"parent":18,"menu_order":0,"comment_status":"closed","ping_status":"open","template":"","meta":{"ngg_post_thumbnail":0,"footnotes":""},"class_list":["post-271","page","type-page","status-publish","hentry"],"_links":{"self":[{"href":"http:\/\/tsv1861ostheimrhoen.de\/index.php?rest_route=\/wp\/v2\/pages\/271","targetHints":{"allow":["GET"]}}],"collection":[{"href":"http:\/\/tsv1861ostheimrhoen.de\/index.php?rest_route=\/wp\/v2\/pages"}],"about":[{"href":"http:\/\/tsv1861ostheimrhoen.de\/index.php?rest_route=\/wp\/v2\/types\/page"}],"author":[{"embeddable":true,"href":"http:\/\/tsv1861ostheimrhoen.de\/index.php?rest_route=\/wp\/v2\/users\/1"}],"replies":[{"embeddable":true,"href":"http:\/\/tsv1861ostheimrhoen.de\/index.php?rest_route=%2Fwp%2Fv2%2Fcomments&post=271"}],"version-history":[{"count":6,"href":"http:\/\/tsv1861ostheimrhoen.de\/index.php?rest_route=\/wp\/v2\/pages\/271\/revisions"}],"predecessor-version":[{"id":2323,"href":"http:\/\/tsv1861ostheimrhoen.de\/index.php?rest_route=\/wp\/v2\/pages\/271\/revisions\/2323"}],"up":[{"embeddable":true,"href":"http:\/\/tsv1861ostheimrhoen.de\/index.php?rest_route=\/wp\/v2\/pages\/18"}],"wp:attachment":[{"href":"http:\/\/tsv1861ostheimrhoen.de\/index.php?rest_route=%2Fwp%2Fv2%2Fmedia&parent=271"}],"curies":[{"name":"wp","href":"https:\/\/api.w.org\/{rel}","templated":true}]}}