{"id":303,"date":"2013-11-11T21:57:15","date_gmt":"2013-11-11T19:57:15","guid":{"rendered":"http:\/\/tsv1861ostheimrhoen.de\/?page_id=303"},"modified":"2013-12-12T23:44:50","modified_gmt":"2013-12-12T21:44:50","slug":"chronik","status":"publish","type":"page","link":"http:\/\/tsv1861ostheimrhoen.de\/?page_id=303","title":{"rendered":"Chronik"},"content":{"rendered":"<p>Im Jahr 1931 wurde in der Gastst\u00e4tte &#8222;Felsenkeller&#8220; der FC Ostheim gegr\u00fcndet, der im Jahr 1932 in den TSV Ostheim eingegliedert wurde. Anfangs kickte man noch recht improvisiert am Weyershauk (hinter dem Restaurant &#8222;Sir Henry&#8220;) mit selbstgezimmerten Toren aus Fichtenstangen.<\/p>\n<p>Der 2. Weltkrieg brachte eine Zwangspause, doch schon im August 1945 traten die Ostheimer wieder an das runde Leder. \u00dcber Jahrzehnte konnte man eine schlagkr\u00e4ftige Mannschaft stellen, die sich fest in der &#8222;A-Klasse&#8220; etablierte. 1965 gelang die erste Meisterschaft, aus Kostengr\u00fcnden stieg man jedoch nicht auf. In den folgenden Jahren musste man zweimal in die B-Klasse absteigen. 1974 gelang es dann, den Meistertitel in der A-Klasse zu erringen und man stieg somit in die Bezirksliga auf.<\/p>\n<p align=\"justify\">Finanziell kam man gut \u00fcber die Runden, sportlich gelang es jedoch nicht mitzuhalten. Bis <strong>1984<\/strong><strong> <\/strong>geh\u00f6rte der TSV Ostheim permanent der A-Klasse an. Es folgte ein weiterer Abstieg bis in die C-Klasse. Erst <strong>1987<\/strong> konnte man wieder in der B-Klasse spielen. <strong>1993<\/strong> musste man abermals in die C-Klasse absteigen, bevor man schlie\u00dflich im folgenden Jahr wieder aufstieg.<\/p>\n<p align=\"justify\"><strong>1996<\/strong> verpasste man als Vizemeister knapp den Aufstieg. Im Jahr <strong>2000<\/strong><strong> <\/strong>gelang dann endlich der Titelgewinn in der Kreisklasse (bislang B-Klasse) und der Aufstieg in die Kreisliga (vormals A-Klasse). Hier konnte sich die Mannschaft f\u00fcr drei Jahre etablieren. Seitdem muss man sich nun mit wechselndem Erfolg mit den Gegnern in der Kreisklasse auseinandersetzen.<\/p>\n<p>Zu den herausragenden Ereignissen im Verein z\u00e4hlen, der durch die engagierte Fu\u00dfballabteilung m\u00f6glich gewordene Sportplatzgastst\u00e4ttenbau, sowie die \u00fcberdachte Trib\u00fcne am Hauptspielfeld und eine komfortable Flutlichtanlage.<\/p>\n<p><a href=\"http:\/\/tsv1861ostheimrhoen.de\/wp-content\/uploads\/2013\/11\/eintrachtfrankfurtfestschrift_1024.jpg\"><img loading=\"lazy\" decoding=\"async\" class=\"alignleft size-medium wp-image-311\" alt=\"\" src=\"http:\/\/tsv1861ostheimrhoen.de\/wp-content\/uploads\/2013\/11\/eintrachtfrankfurtfestschrift_1024-237x300.jpg\" width=\"237\" height=\"300\" srcset=\"http:\/\/tsv1861ostheimrhoen.de\/wp-content\/uploads\/2013\/11\/eintrachtfrankfurtfestschrift_1024-237x300.jpg 237w, http:\/\/tsv1861ostheimrhoen.de\/wp-content\/uploads\/2013\/11\/eintrachtfrankfurtfestschrift_1024.jpg 812w\" sizes=\"auto, (max-width: 237px) 100vw, 237px\" \/><\/a>Finanziert wurden diese insbesondere durch gelungene Jubil\u00e4umsveranstaltungen, wie z. B. im Jahr<strong> 1981<\/strong> gegen den Bundesligisten Eintracht Frankfurt, das rund 3000 Zuschauer anlockte. In einer kampfbetonten Partie gegen Lorant, Nachtweih und Co boten die Ostheimer Amateure den Profis Paroli und zogen sich mit einer 2:8 Niederlage gut aus der Aff\u00e4re.<\/p>\n<p align=\"justify\">Spielerisch eleganter ging es f\u00fcnf Jahre sp\u00e4ter beim Spiel gegen die Uwe-Seeler-Traditionself zu. Vor \u00e4hnlich gro\u00dfer Kulisse zelebrierten die ehemaligen Weltmeister Gerd M\u00fcller und Wolfgang Overath, sowie weitere hochkar\u00e4tige Nationalspieler, feinen Fu\u00dfball und lie\u00dfen dabei die Ostheimer Vertretung gar nicht so schlecht aussehen. Der \u00dcberschuss aus diesem Gro\u00dfereignis bildete den Grundstock f\u00fcr den Bau der vereinseigenen Tennisanlage und wirkt auf diese Weise heute noch nach. Sportliche H\u00f6hepunkte konnten die Ostheimer Kicker ihren Anh\u00e4ngern bei der Einweihung des Schulsportplatzes bieten.<\/p>\n<p align=\"justify\">Am <strong>7. Juli 1977<\/strong> schlug man \u00fcberraschend den damaligen Landesligisten Ha\u00dffurt (mit Nationalspieler Luggi M\u00fcller) mit 3:2 Toren.<\/p>\n<p align=\"justify\"><a href=\"http:\/\/tsv1861ostheimrhoen.de\/wp-content\/uploads\/2013\/11\/aktive1.jpg\"><img loading=\"lazy\" decoding=\"async\" class=\"alignleft size-medium wp-image-312\" alt=\"\" src=\"http:\/\/tsv1861ostheimrhoen.de\/wp-content\/uploads\/2013\/11\/aktive1-226x300.jpg\" width=\"226\" height=\"300\" srcset=\"http:\/\/tsv1861ostheimrhoen.de\/wp-content\/uploads\/2013\/11\/aktive1-226x300.jpg 226w, http:\/\/tsv1861ostheimrhoen.de\/wp-content\/uploads\/2013\/11\/aktive1.jpg 559w\" sizes=\"auto, (max-width: 226px) 100vw, 226px\" \/><\/a>Unter Siegfried Ullrich (+) lie\u00df die Fu\u00dfballjugend des TSV in den 70er Jahren durch hochkar\u00e4tig besetzte Turniere aufhorchen. Neben den befreundeten Fu\u00dfballern des FC Bischofszell, waren holl\u00e4ndische Mannschaften (FC Waubach) und sogar eine Vertretung von Chelsea London in Ostheim bei Turnieren zu Gast.<\/p>\n","protected":false},"excerpt":{"rendered":"<p>Im Jahr 1931 wurde in der Gastst\u00e4tte &#8222;Felsenkeller&#8220; der FC Ostheim gegr\u00fcndet, der im Jahr 1932 in den TSV Ostheim eingegliedert wurde. Anfangs kickte man noch recht improvisiert am Weyershauk <a class=\"more-link\" href=\"http:\/\/tsv1861ostheimrhoen.de\/?page_id=303\">Klicke hier um alles zu lesen &rarr;<\/a><\/p>\n","protected":false},"author":1,"featured_media":0,"parent":18,"menu_order":0,"comment_status":"closed","ping_status":"open","template":"","meta":{"ngg_post_thumbnail":0,"footnotes":""},"class_list":["post-303","page","type-page","status-publish","hentry"],"_links":{"self":[{"href":"http:\/\/tsv1861ostheimrhoen.de\/index.php?rest_route=\/wp\/v2\/pages\/303","targetHints":{"allow":["GET"]}}],"collection":[{"href":"http:\/\/tsv1861ostheimrhoen.de\/index.php?rest_route=\/wp\/v2\/pages"}],"about":[{"href":"http:\/\/tsv1861ostheimrhoen.de\/index.php?rest_route=\/wp\/v2\/types\/page"}],"author":[{"embeddable":true,"href":"http:\/\/tsv1861ostheimrhoen.de\/index.php?rest_route=\/wp\/v2\/users\/1"}],"replies":[{"embeddable":true,"href":"http:\/\/tsv1861ostheimrhoen.de\/index.php?rest_route=%2Fwp%2Fv2%2Fcomments&post=303"}],"version-history":[{"count":8,"href":"http:\/\/tsv1861ostheimrhoen.de\/index.php?rest_route=\/wp\/v2\/pages\/303\/revisions"}],"predecessor-version":[{"id":308,"href":"http:\/\/tsv1861ostheimrhoen.de\/index.php?rest_route=\/wp\/v2\/pages\/303\/revisions\/308"}],"up":[{"embeddable":true,"href":"http:\/\/tsv1861ostheimrhoen.de\/index.php?rest_route=\/wp\/v2\/pages\/18"}],"wp:attachment":[{"href":"http:\/\/tsv1861ostheimrhoen.de\/index.php?rest_route=%2Fwp%2Fv2%2Fmedia&parent=303"}],"curies":[{"name":"wp","href":"https:\/\/api.w.org\/{rel}","templated":true}]}}