{"id":421,"date":"2013-11-12T09:30:10","date_gmt":"2013-11-12T07:30:10","guid":{"rendered":"http:\/\/tsv1861ostheimrhoen.de\/?page_id=421"},"modified":"2013-12-12T22:17:54","modified_gmt":"2013-12-12T20:17:54","slug":"maennergymnastik","status":"publish","type":"page","link":"http:\/\/tsv1861ostheimrhoen.de\/?page_id=421","title":{"rendered":"M\u00e4nnergymnastik"},"content":{"rendered":"<p>Seit \u00fcber 2003 l\u00e4uft die Gymnastikstunde f\u00fcr die Herren der Sch\u00f6pfung. Unsere Ganzk\u00f6rpergymnastik entspannt, macht beweglicher und wirkt dem Alltagsstress entgegen. Am Ende der Stunde f\u00fchlt \u201eMann&#8220; sich wieder fit. G\u00f6nnen Sie sich diese Wohlf\u00fchlstunde. Alle Altersgruppen sind willkommen. Treffpunkt an der Turnhalle jeden Mittwoch von 18:45 Uhr bis 19:45 Uhr. Bitte eine Matte mitbringen!<\/p>\n<p><span style=\"font-size: 18px; color: #f9050a;\"><strong>Aktuell findet die M\u00e4nnergymnastik nicht statt! Sobald es hierzu etwas neues gibt werden wir euch schnellstens informieren!<\/strong><\/span><\/p>\n","protected":false},"excerpt":{"rendered":"<p>Seit \u00fcber 2003 l\u00e4uft die Gymnastikstunde f\u00fcr die Herren der Sch\u00f6pfung. Unsere Ganzk\u00f6rpergymnastik entspannt, macht beweglicher und wirkt dem Alltagsstress entgegen. Am Ende der Stunde f\u00fchlt \u201eMann&#8220; sich wieder fit. <a class=\"more-link\" href=\"http:\/\/tsv1861ostheimrhoen.de\/?page_id=421\">Klicke hier um alles zu lesen &rarr;<\/a><\/p>\n","protected":false},"author":1,"featured_media":0,"parent":32,"menu_order":0,"comment_status":"closed","ping_status":"open","template":"","meta":{"ngg_post_thumbnail":0,"footnotes":""},"class_list":["post-421","page","type-page","status-publish","hentry"],"_links":{"self":[{"href":"http:\/\/tsv1861ostheimrhoen.de\/index.php?rest_route=\/wp\/v2\/pages\/421","targetHints":{"allow":["GET"]}}],"collection":[{"href":"http:\/\/tsv1861ostheimrhoen.de\/index.php?rest_route=\/wp\/v2\/pages"}],"about":[{"href":"http:\/\/tsv1861ostheimrhoen.de\/index.php?rest_route=\/wp\/v2\/types\/page"}],"author":[{"embeddable":true,"href":"http:\/\/tsv1861ostheimrhoen.de\/index.php?rest_route=\/wp\/v2\/users\/1"}],"replies":[{"embeddable":true,"href":"http:\/\/tsv1861ostheimrhoen.de\/index.php?rest_route=%2Fwp%2Fv2%2Fcomments&post=421"}],"version-history":[{"count":4,"href":"http:\/\/tsv1861ostheimrhoen.de\/index.php?rest_route=\/wp\/v2\/pages\/421\/revisions"}],"predecessor-version":[{"id":1609,"href":"http:\/\/tsv1861ostheimrhoen.de\/index.php?rest_route=\/wp\/v2\/pages\/421\/revisions\/1609"}],"up":[{"embeddable":true,"href":"http:\/\/tsv1861ostheimrhoen.de\/index.php?rest_route=\/wp\/v2\/pages\/32"}],"wp:attachment":[{"href":"http:\/\/tsv1861ostheimrhoen.de\/index.php?rest_route=%2Fwp%2Fv2%2Fmedia&parent=421"}],"curies":[{"name":"wp","href":"https:\/\/api.w.org\/{rel}","templated":true}]}}