{"id":553,"date":"2013-11-12T20:58:07","date_gmt":"2013-11-12T18:58:07","guid":{"rendered":"http:\/\/tsv1861ostheimrhoen.de\/?page_id=553"},"modified":"2014-01-23T19:22:06","modified_gmt":"2014-01-23T17:22:06","slug":"werbung","status":"publish","type":"page","link":"http:\/\/tsv1861ostheimrhoen.de\/?page_id=553","title":{"rendered":"Werbung bei uns"},"content":{"rendered":"<h1 style=\"text-align: center;\" align=\"center\"><span style=\"color: #ca2424; font-family: Verdana; font-size: x-large;\"><b>Werbung beim TSV 1861 <b>Ostheim Rh\u00f6n e.V.<br \/>\n<\/b><\/b><\/span><\/h1>\n<p style=\"text-align: center;\" align=\"center\"><span style=\"font-family: Verdana;\"><b>Werden Sie Werbepartner <b>des gr\u00f6\u00df<b>ten Sportvereins in Ostheim<\/b><\/b><\/b><\/span><\/p>\n<p>..damit haben Sie nicht nur die Gelegenheit neue Kunden zu gewinnen, sondern auch nachhaltig einen positiven Imageeffekt zu erzielen. Die gemeinsame Zusammenarbeit mit dem TSV Ostheim Rh\u00f6n e.V. schafft eine emotionale Bindung zwischen ihrem Unternehmen und dem Verein in Ostheim und im regionalen Bereich. Die Werbung durch das Sportsponsoring mit dem TSV Ostheim Rh\u00f6n e.V. eignet sich somit auch f\u00fcr Sie.<\/p>\n<p><span style=\"font-family: Verdana;\">Folgende Werbem\u00f6glichkeiten haben Sie bei uns:<\/span><\/p>\n<p><span style=\"color: #ca2424; font-family: Verdana;\"><b>1) Werbung im Hauptframe der Homepage:<\/b><\/span><\/p>\n<p><span style=\"font-family: Verdana;\">Ihr Werbelogo mit Verlinkung auf Ihre eigene Homepage (optional) ist auf jeder Seite des TSV Ostheim sichtbar. Egal welche Seite der Besucher anw\u00e4hlt &#8211; Ihr Logo ist immer dabei.<\/span><\/p>\n<table border=\"1\">\n<tbody>\n<tr>\n<td><b>Angebot:<\/b><\/td>\n<td>Ihr Logo mit Link auf Ihre Homepage.<\/td>\n<\/tr>\n<tr>\n<td><b>Preis:<\/b><\/td>\n<td><b>100 \u20ac<\/b> excl. MwSt. f\u00fcr ein Jahr<\/td>\n<\/tr>\n<\/tbody>\n<\/table>\n<p><span style=\"color: #ca2424; font-family: Verdana;\"><b>2) Werbung auf &#8222;SPONSOREN&#8220;-Seite der Homepage<\/b><\/span><\/p>\n<p><span style=\"font-family: Verdana;\">Ihr Werbelogo wird auf einer separaten &#8222;Sponsoren&#8220;-Seite eingeblendet.<\/span><\/p>\n<table border=\"1\">\n<tbody>\n<tr>\n<td><b>Angebot:<\/b><\/td>\n<td>Logo mit Link auf Ihre Seite<\/td>\n<\/tr>\n<tr>\n<td><b>Preis:<\/b><\/td>\n<td><b>25 \u20ac<\/b> excl. MwSt. pro Logo und Jahr<\/td>\n<\/tr>\n<\/tbody>\n<\/table>\n<h4><span style=\"text-decoration: underline;\"><strong>Bandenwerbung<\/strong><\/span><\/h4>\n<p>Mieten Sie doch eine Werbefl\u00e4che am Hauptspielfeld. Am Sportplatz finden w\u00e4hrend der Saison jedes Wochenende viele Fu\u00dfballspiele und Veranstaltungen statt, so dass Ihre Werbung von einer Vielzahl von Sportlern und Zuschauern gesehen wird.<\/p>\n<h4><span style=\"text-decoration: underline;\"><strong>Werbung auf Sportbekleidung<\/strong><\/span><\/h4>\n<p>Sie haben die M\u00f6glichkeit mit Ihrem Firmenlogo oder Firmennamen auf unserer Sportbekleidung zu erscheinen und dadurch die Sportausstattung unserer zahlreichen Mannschaften der verschiedensten Abteilungen zu unterst\u00fctzen.<br \/>\nGerne k\u00f6nnen Sie festlegen, welche Abteilung oder Mannschaft Sie unterst\u00fctzen m\u00f6chten. Der\u00a0TSV Ostheim Rh\u00f6n e.V. verpflichtet sich im Gegenzug, Ihren Firmennamen bzw. Ihr Firmenlogo auf die Bekleidung wie Trikots, Trainingsanz\u00fcge oder T-Shirts zu drucken, die von unseren Sportlern getragen wird.<\/p>\n<p><b>Sie haben noch keine Internetseite und suchen schon lange nach einer M\u00f6glichkeit Ihre Angebote im www zu pr\u00e4sentieren? Kein Problem! Wir bieten Ihnen die M\u00f6glichkeit eine ganze Seite mit Ihren Angeboten bei uns einzustellen. Sie sagen was Sie wollen und wir \u00fcbernehmen die Gestaltung, Aktualisierung und Pflege Ihrer Daten.\u00a0Preis f\u00fcr das ganze Paket betragt 300 Euro \/ Jahr. <\/b><b><\/b><\/p>\n<p><span style=\"font-family: arial,helvetica,sans-serif; font-size: 16px;\">Der TSV Ostheim f\u00f6rdert bekannterma\u00dfen die Entwicklung unserer Kinder und Jugendlichen. Neben der sportlichen Bet\u00e4tigung werden auch soziale Komponenten, wie Teamf\u00e4higkeit und Kameradschaft, vermittelt. Durch die eigene Unterst\u00fctzung f\u00f6rdert man die Entwicklung dieser Eigenschaften, vermittelt ein positives Image und hilft seinen Mitarbeitern, Partnern und Kunden von morgen. <\/span><\/p>\n<p>Haben wir Ihr Interesse geweckt &#8211; kontaktieren Sie uns!<\/p>\n<p><strong>TSV Ostheim Rh\u00f6n e.V.<\/strong><br \/>\nJahnstra\u00dfe 11<br \/>\n97645 Ostheim Rh\u00f6n<\/p>\n<p><strong>Sportheim Telefon:<\/strong> 09777 \/ 725<strong><\/strong><br \/>\n<strong>Fax:<\/strong> 09777 \/<br \/>\n<strong>Mail:<\/strong> tsv-ostheim@t-online.de<strong><br \/>\n<\/strong><\/p>\n<p>Nutzen Sie bequem unser Kontakt Formular<\/p>\n<p><!--cforms name=\"Kontakt Formular\"--><\/p>\n<p>&nbsp;<\/p>\n<p>oder<\/p>\n<p><strong>Kassierer:\u00a0<\/strong>\u00a0\u00a0\u00a0\u00a0\u00a0\u00a0\u00a0\u00a0\u00a0\u00a0\u00a0\u00a0\u00a0\u00a0\u00a0\u00a0\u00a0\u00a0\u00a0\u00a0\u00a0\u00a0\u00a0 Silvio Hochheim \u00a0 (09777 358654)<\/p>\n","protected":false},"excerpt":{"rendered":"<p>Werbung beim TSV 1861 Ostheim Rh\u00f6n e.V. Werden Sie Werbepartner des gr\u00f6\u00dften Sportvereins in Ostheim ..damit haben Sie nicht nur die Gelegenheit neue Kunden zu gewinnen, sondern auch nachhaltig einen <a class=\"more-link\" href=\"http:\/\/tsv1861ostheimrhoen.de\/?page_id=553\">Klicke hier um alles zu lesen &rarr;<\/a><\/p>\n","protected":false},"author":1,"featured_media":0,"parent":0,"menu_order":0,"comment_status":"closed","ping_status":"closed","template":"","meta":{"ngg_post_thumbnail":0,"footnotes":""},"class_list":["post-553","page","type-page","status-publish","hentry"],"_links":{"self":[{"href":"http:\/\/tsv1861ostheimrhoen.de\/index.php?rest_route=\/wp\/v2\/pages\/553","targetHints":{"allow":["GET"]}}],"collection":[{"href":"http:\/\/tsv1861ostheimrhoen.de\/index.php?rest_route=\/wp\/v2\/pages"}],"about":[{"href":"http:\/\/tsv1861ostheimrhoen.de\/index.php?rest_route=\/wp\/v2\/types\/page"}],"author":[{"embeddable":true,"href":"http:\/\/tsv1861ostheimrhoen.de\/index.php?rest_route=\/wp\/v2\/users\/1"}],"replies":[{"embeddable":true,"href":"http:\/\/tsv1861ostheimrhoen.de\/index.php?rest_route=%2Fwp%2Fv2%2Fcomments&post=553"}],"version-history":[{"count":27,"href":"http:\/\/tsv1861ostheimrhoen.de\/index.php?rest_route=\/wp\/v2\/pages\/553\/revisions"}],"predecessor-version":[{"id":1899,"href":"http:\/\/tsv1861ostheimrhoen.de\/index.php?rest_route=\/wp\/v2\/pages\/553\/revisions\/1899"}],"wp:attachment":[{"href":"http:\/\/tsv1861ostheimrhoen.de\/index.php?rest_route=%2Fwp%2Fv2%2Fmedia&parent=553"}],"curies":[{"name":"wp","href":"https:\/\/api.w.org\/{rel}","templated":true}]}}