{"id":898,"date":"2013-11-14T14:30:06","date_gmt":"2013-11-14T12:30:06","guid":{"rendered":"http:\/\/tsv1861ostheimrhoen.de\/?page_id=898"},"modified":"2025-04-05T04:20:29","modified_gmt":"2025-04-05T02:20:29","slug":"downloads","status":"publish","type":"page","link":"http:\/\/tsv1861ostheimrhoen.de\/?page_id=898","title":{"rendered":"Downloads"},"content":{"rendered":"<p>Zum \u00f6ffnen der PDF Dokumente ben\u00f6tigen Sie den <a href=\"http:\/\/get.adobe.com\/de\/reader\/\" target=\"_blank\" rel=\"noopener\">Adobe Reader<\/a> den Sie <a href=\"http:\/\/get.adobe.com\/de\/reader\/\" target=\"_blank\" rel=\"noopener\">hier<\/a> herunterladen k\u00f6nnen.<\/p>\n<table border=\"1\" cellspacing=\"0\" cellpadding=\"0\">\n<tbody>\n<tr>\n<td valign=\"top\" width=\"201\"><b>Datum<\/b><\/td>\n<td valign=\"top\" width=\"224\"><b>Beschreibung<\/b><\/td>\n<td valign=\"top\" width=\"179\"><b>Datei<\/b><\/td>\n<\/tr>\n<tr>\n<td valign=\"top\" width=\"201\">06.03.2015<\/td>\n<td valign=\"top\" width=\"224\">Satzung TSV Ostheim Rh\u00f6n<\/td>\n<td valign=\"top\" width=\"179\"><a href=\"http:\/\/tsv1861ostheimrhoen.de\/?page_id=754\">DOWNLOAD<\/a><\/td>\n<\/tr>\n<tr>\n<td valign=\"top\" width=\"201\">04.03.2017<\/td>\n<td valign=\"top\" width=\"224\">Mitgliedsantrag TSV Ostheim Rh\u00f6n<\/td>\n<td valign=\"top\" width=\"179\"><a href=\"http:\/\/tsv1861ostheimrhoen.de\/wp-content\/uploads\/2023\/07\/Aufnahmeantrag-2024.pdf\">DOWNLOAD<\/a><\/td>\n<\/tr>\n<tr>\n<td valign=\"top\" width=\"201\">&nbsp;<\/td>\n<td valign=\"top\" width=\"224\">&nbsp;<\/td>\n<td valign=\"top\" width=\"179\">&nbsp;<\/td>\n<\/tr>\n<\/tbody>\n<\/table>\n<table border=\"1\" cellspacing=\"0\" cellpadding=\"0\">\n<tbody>\n<tr>\n<td valign=\"top\" width=\"201\"><b>Datum<\/b><\/td>\n<td valign=\"top\" width=\"224\"><b>Beschreibung<\/b><\/td>\n<td valign=\"top\" width=\"179\"><b>Datei<\/b><\/td>\n<\/tr>\n<tr>\n<td valign=\"top\" width=\"201\">02.01.2014<\/td>\n<td valign=\"top\" width=\"224\">SEPA Umstellung<\/td>\n<td valign=\"top\" width=\"179\"><a href=\"http:\/\/tsv1861ostheimrhoen.de\/wp-content\/uploads\/2013\/11\/SEPA-Umstellung.pdf\">DOWNLOAD<\/a><\/td>\n<\/tr>\n<tr>\n<td valign=\"top\" width=\"201\">&nbsp;<\/td>\n<td valign=\"top\" width=\"224\">&nbsp;<\/td>\n<td valign=\"top\" width=\"179\">&nbsp;<\/td>\n<\/tr>\n<tr>\n<td valign=\"top\" width=\"201\">&nbsp;<\/td>\n<td valign=\"top\" width=\"224\">&nbsp;<\/td>\n<td valign=\"top\" width=\"179\">&nbsp;<\/td>\n<\/tr>\n<\/tbody>\n<\/table>\n","protected":false},"excerpt":{"rendered":"<p>Zum \u00f6ffnen der PDF Dokumente ben\u00f6tigen Sie den Adobe Reader den Sie hier herunterladen k\u00f6nnen. Datum Beschreibung Datei 06.03.2015 Satzung TSV Ostheim Rh\u00f6n DOWNLOAD 04.03.2017 Mitgliedsantrag TSV Ostheim Rh\u00f6n DOWNLOAD <a class=\"more-link\" href=\"http:\/\/tsv1861ostheimrhoen.de\/?page_id=898\">Klicke hier um alles zu lesen &rarr;<\/a><\/p>\n","protected":false},"author":1,"featured_media":0,"parent":0,"menu_order":0,"comment_status":"closed","ping_status":"closed","template":"","meta":{"ngg_post_thumbnail":0,"footnotes":""},"class_list":["post-898","page","type-page","status-publish","hentry"],"_links":{"self":[{"href":"http:\/\/tsv1861ostheimrhoen.de\/index.php?rest_route=\/wp\/v2\/pages\/898","targetHints":{"allow":["GET"]}}],"collection":[{"href":"http:\/\/tsv1861ostheimrhoen.de\/index.php?rest_route=\/wp\/v2\/pages"}],"about":[{"href":"http:\/\/tsv1861ostheimrhoen.de\/index.php?rest_route=\/wp\/v2\/types\/page"}],"author":[{"embeddable":true,"href":"http:\/\/tsv1861ostheimrhoen.de\/index.php?rest_route=\/wp\/v2\/users\/1"}],"replies":[{"embeddable":true,"href":"http:\/\/tsv1861ostheimrhoen.de\/index.php?rest_route=%2Fwp%2Fv2%2Fcomments&post=898"}],"version-history":[{"count":36,"href":"http:\/\/tsv1861ostheimrhoen.de\/index.php?rest_route=\/wp\/v2\/pages\/898\/revisions"}],"predecessor-version":[{"id":2748,"href":"http:\/\/tsv1861ostheimrhoen.de\/index.php?rest_route=\/wp\/v2\/pages\/898\/revisions\/2748"}],"wp:attachment":[{"href":"http:\/\/tsv1861ostheimrhoen.de\/index.php?rest_route=%2Fwp%2Fv2%2Fmedia&parent=898"}],"curies":[{"name":"wp","href":"https:\/\/api.w.org\/{rel}","templated":true}]}}