{"id":9,"date":"2013-11-05T22:12:43","date_gmt":"2013-11-05T20:12:43","guid":{"rendered":"http:\/\/test-41749.alfa3044.alfahosting-server.de\/wordpress\/?page_id=9"},"modified":"2021-06-08T16:31:33","modified_gmt":"2021-06-08T14:31:33","slug":"startseite","status":"publish","type":"page","link":"http:\/\/tsv1861ostheimrhoen.de\/","title":{"rendered":"STARTSEITE"},"content":{"rendered":"<p><a href=\"http:\/\/tsv1861ostheimrhoen.de\/wp-content\/uploads\/2013\/11\/Header-Start-TSV.jpg\"><img loading=\"lazy\" decoding=\"async\" class=\"aligncenter wp-image-2188\" src=\"http:\/\/tsv1861ostheimrhoen.de\/wp-content\/uploads\/2013\/11\/Header-Start-TSV-1024x123.jpg\" alt=\"Header Start TSV\" width=\"845\" height=\"82\"><\/a><span style=\"font-family: arial,helvetica,sans-serif; font-size: 16px; color: #000000;\">Liebe Besucherin, lieber Besucher, wir begr\u00fc\u00dfen Sie sehr herzlich auf unserer Homepage. Wir wollen Ihnen auf dieser Seite alles Wissenswerte rund um unseren Verein n\u00e4her bringen und Ihr Interesse an unseren vielf\u00e4ltigen T\u00e4tigkeiten wecken. <\/span><\/p>\n<p><span style=\"color: #000000; font-family: arial,helvetica,sans-serif; font-size: 16px;\">Der TSV Ostheim ist noch immer mit \u00fcber 450 Mitgliedern der gr\u00f6\u00dfte Verein der <span style=\"color: #dc143c;\"><a href=\"http:\/\/www.ostheimrhoen.de\/ostheim.html\"><span style=\"color: #dc143c;\"><span style=\"color: #000000;\">Stadt Ostheim<\/span><\/span><\/a><\/span>. Als typischer Mehrspartenverein gliedert er sich in acht weitgehend selbstst\u00e4ndig agierende Abteilungen. Unser besonderer Schwerpunkt liegt in der Kinder- und Jugendarbeit, die wir auch \u00fcber den rein sportlichen Bereich hinaus betreiben. Ein vielf\u00e4ltiges Angebot von Sportarten f\u00fcr jedermann, professionelle Betreuung und ein herzliches Vereinsklima f\u00fcr jeden &#8211; das ist der TSV Ostheim Rh\u00f6n.&nbsp;<\/span><\/p>\n<p><span style=\"font-family: arial,helvetica,sans-serif; color: #000000; font-size: 16px;\">Unsere Homepage gibt Ihnen die M\u00f6glichkeit, mit uns leichter in <a href=\"http:\/\/tsv1861ostheimrhoen.de\/?page_id=115\">Kontakt<\/a> zu treten und sich \u00fcber aktuelle Geschehnisse rund um den TSV und seine Sparten zu informieren.<\/span><\/p>\n<p><span style=\"font-family: arial,helvetica,sans-serif; color: #000000; font-size: 16px;\">Aktuelle Berichte zu Spielen, Ereignissen und sonstigen Aktivit\u00e4ten des TSV Ostheim finden Sie in der Kategorie \u2192[<a href=\"http:\/\/tsv1861ostheimrhoen.de\/?page_id=16\"><em>AKTUELLES<\/em><\/a>] rechts im Men\u00fc. Auch sind wir bem\u00fcht, die 160-j\u00e4hrige Vereinsgeschichte in Wort und Bild aufzuarbeiten. Es lohnt sich also, \u00f6fters mal vorbei zu schauen. Einen Mitgliedsantrag findet Ihr \u00fcber die Men\u00fcleiste unter WERDE MITGLIED.<br \/>\n<\/span><\/p>\n<p><span style=\"font-family: arial,helvetica,sans-serif; color: #000000; font-size: 16px;\">Jetzt w\u00fcnschen wir Ihnen viel Freude beim Durchst\u00f6bern unserer Homepage und danken Ihnen f\u00fcr Ihren Besuch.<\/span><\/p>\n<p><span style=\"font-family: arial,helvetica,sans-serif; color: #000000; font-size: 16px;\">Sollten Sie Fragen haben \u2013 wir freuen uns \u00fcber jede Mitteilung oder Anregung, ob telefonisch, schriftlich oder per E-Mail &#8211; siehe <a href=\"http:\/\/tsv1861ostheimrhoen.de\/?page_id=115\">Kontakt<\/a>.<\/span><\/p>\n<p><span style=\"color: #000000;\"><span style=\"font-family: arial,helvetica,sans-serif; font-size: 16px;\">Wenn Ihnen unsere Seite gef\u00e4llt w\u00fcrden wir uns \u00fcber einen Eintrag im <a href=\"http:\/\/tsv1861ostheimrhoen.de\/?page_id=124\">G\u00e4stebuch <\/a>freuen.<\/span><br \/>\n<\/span><\/p>\n<p style=\"padding-left: 90px;\"><a href=\"http:\/\/tsv1861ostheimrhoen.de\/?page_id=2407\">DATENSCHUTZ<\/a> &nbsp; &nbsp; &nbsp; &nbsp; &nbsp; &nbsp; &nbsp;<span style=\"color: #ff0000;\"> <a style=\"color: #ff0000;\" href=\"http:\/\/tsv1861ostheimrhoen.de\/wp-content\/uploads\/2018\/05\/Einverst\u00e4ndniserkl\u00e4rung.pdf\">Einverst\u00e4ndniserkl\u00e4rung bitte ausdrucken!<\/a><\/span><\/p>\n<p>Helfen Sie uns!<br \/>\nAuf der Homepage funktioniert etwas nicht? Eine Angabe ist nicht richtig? Sie m\u00f6chten nicht, dass Ihr Bild auf dieser Seite angezeigt wird? Sie haben Daten f\u00fcr uns? Sonstiges? Schreiben Sie uns und wir l\u00f6sen das Problem. <a href=\"http:\/\/tsv1861ostheimrhoen.de\/?page_id=115\">KLICK mich<\/a>.<\/p>\n<p>&nbsp;<\/p>\n","protected":false},"excerpt":{"rendered":"<p>Liebe Besucherin, lieber Besucher, wir begr\u00fc\u00dfen Sie sehr herzlich auf unserer Homepage. Wir wollen Ihnen auf dieser Seite alles Wissenswerte rund um unseren Verein n\u00e4her bringen und Ihr Interesse an <a class=\"more-link\" href=\"http:\/\/tsv1861ostheimrhoen.de\/\">Klicke hier um alles zu lesen &rarr;<\/a><\/p>\n","protected":false},"author":1,"featured_media":0,"parent":0,"menu_order":0,"comment_status":"open","ping_status":"closed","template":"","meta":{"ngg_post_thumbnail":0,"footnotes":""},"class_list":["post-9","page","type-page","status-publish","hentry"],"_links":{"self":[{"href":"http:\/\/tsv1861ostheimrhoen.de\/index.php?rest_route=\/wp\/v2\/pages\/9","targetHints":{"allow":["GET"]}}],"collection":[{"href":"http:\/\/tsv1861ostheimrhoen.de\/index.php?rest_route=\/wp\/v2\/pages"}],"about":[{"href":"http:\/\/tsv1861ostheimrhoen.de\/index.php?rest_route=\/wp\/v2\/types\/page"}],"author":[{"embeddable":true,"href":"http:\/\/tsv1861ostheimrhoen.de\/index.php?rest_route=\/wp\/v2\/users\/1"}],"replies":[{"embeddable":true,"href":"http:\/\/tsv1861ostheimrhoen.de\/index.php?rest_route=%2Fwp%2Fv2%2Fcomments&post=9"}],"version-history":[{"count":126,"href":"http:\/\/tsv1861ostheimrhoen.de\/index.php?rest_route=\/wp\/v2\/pages\/9\/revisions"}],"predecessor-version":[{"id":2659,"href":"http:\/\/tsv1861ostheimrhoen.de\/index.php?rest_route=\/wp\/v2\/pages\/9\/revisions\/2659"}],"wp:attachment":[{"href":"http:\/\/tsv1861ostheimrhoen.de\/index.php?rest_route=%2Fwp%2Fv2%2Fmedia&parent=9"}],"curies":[{"name":"wp","href":"https:\/\/api.w.org\/{rel}","templated":true}]}}