{"id":90,"date":"2013-11-05T23:59:06","date_gmt":"2013-11-05T21:59:06","guid":{"rendered":"http:\/\/test-41749.alfa3044.alfahosting-server.de\/wordpress\/?page_id=90"},"modified":"2014-01-18T18:22:51","modified_gmt":"2014-01-18T16:22:51","slug":"geschichte","status":"publish","type":"page","link":"http:\/\/tsv1861ostheimrhoen.de\/?page_id=90","title":{"rendered":"GESCHICHTE"},"content":{"rendered":"<p>Die Geschichte des TSV Ostheim ist lang. Sie beginnt im traditionsreichen Jahr 1861. Lesen Sie hier die wichtigsten Ereignisse seitdem kurz zusammengefasst:<\/p>\n<p><strong>1861<\/strong> B\u00fcrgermeister Dr. Christian Glock regt die Gr\u00fcndung eines Turnvereins an. Christian M\u00e4dler wird 1. Vorstand, Schriftwart Arthur Glock, Kassierer Johann Hoffmann. Erste Turnstunde auf dem \u201eG\u00e4nserasen&#8220; (heute Katholische Kirche)<\/p>\n<p><strong>1903<\/strong> Der Turnverein wird auf Anregung von Lehrer Wallner aktiv und 1. Vostand zu dieser Zeit Brauereibesitzer Hugo Streck<\/p>\n<p style=\"text-align: center;\"><a href=\"http:\/\/tsv1861ostheimrhoen.de\/wp-content\/uploads\/2013\/11\/ScanImage002.jpg\"><img loading=\"lazy\" decoding=\"async\" class=\"aligncenter  wp-image-1470\" alt=\"\" src=\"http:\/\/tsv1861ostheimrhoen.de\/wp-content\/uploads\/2013\/11\/ScanImage002.jpg\" width=\"524\" height=\"393\" srcset=\"http:\/\/tsv1861ostheimrhoen.de\/wp-content\/uploads\/2013\/11\/ScanImage002.jpg 1024w, http:\/\/tsv1861ostheimrhoen.de\/wp-content\/uploads\/2013\/11\/ScanImage002-300x225.jpg 300w\" sizes=\"auto, (max-width: 524px) 100vw, 524px\" \/><\/a><strong><\/strong><\/p>\n<p style=\"text-align: left;\"><strong>1905<\/strong> Die neue Vereinsfahne erh\u00e4lt ihre Fahnen weihe auf dem Tanzberg<\/p>\n<p><strong>1919<\/strong> Unter Vorstand Albin Wienr\u00f6der f\u00e4llt der Beschluss zur Eintragung in das Vereinsregister. Zahlreiche Teilnahmen an Turnfesten werden vermerkt und das Paulinstift (heute B\u00fccherei) diente als Turnraum. Bedingt durch die Inflation kann der geplante Bau einer Turnhalle neben der \u201ePeter Br\u00e4u&#8220; nicht erfolgen.<\/p>\n<p><strong>1922<\/strong> Der Faustballsport hat seinen Einzug im Verein gehalten. Der eigenst\u00e4ndige \u201eBallspielklub Ostheim&#8220; wurde als selbstst\u00e4ndige Gruppe im Verein \u00fcbernommen. Die Deutschen Turnfeste in M\u00fcnchen und K\u00f6ln werden von Ostheimer Turnern besucht.<\/p>\n<p><strong>1927<\/strong> Man beschlie\u00dft ein Grundst\u00fcck am Weyhershauck als Sportplatz zu kaufen.<\/p>\n<div id=\"attachment_624\" style=\"width: 530px\" class=\"wp-caption aligncenter\"><a href=\"http:\/\/tsv1861ostheimrhoen.de\/wp-content\/uploads\/2013\/11\/3618340_1_1ACTW7.jpg\"><img loading=\"lazy\" decoding=\"async\" aria-describedby=\"caption-attachment-624\" class=\" wp-image-624 \" alt=\"Parade: Turnfest im Jahre 1928 \" src=\"http:\/\/tsv1861ostheimrhoen.de\/wp-content\/uploads\/2013\/11\/3618340_1_1ACTW7.jpg\" width=\"520\" height=\"260\" srcset=\"http:\/\/tsv1861ostheimrhoen.de\/wp-content\/uploads\/2013\/11\/3618340_1_1ACTW7.jpg 520w, http:\/\/tsv1861ostheimrhoen.de\/wp-content\/uploads\/2013\/11\/3618340_1_1ACTW7-300x150.jpg 300w\" sizes=\"auto, (max-width: 520px) 100vw, 520px\" \/><\/a><p id=\"caption-attachment-624\" class=\"wp-caption-text\">Parade: Turnfest im Jahre 1928<\/p><\/div>\n<p><strong>1931<\/strong> An der Friedenslinde wird das 70-j\u00e4hrige Bestehen und das 9. Gruppenturnfest gro\u00df gefeiert<\/p>\n<div id=\"attachment_1505\" style=\"width: 447px\" class=\"wp-caption aligncenter\"><a href=\"http:\/\/tsv1861ostheimrhoen.de\/wp-content\/uploads\/2013\/11\/ScanImage007.jpg\"><img loading=\"lazy\" decoding=\"async\" aria-describedby=\"caption-attachment-1505\" class=\"size-full wp-image-1505\" alt=\"Turnfest in Ostheim 1931\" src=\"http:\/\/tsv1861ostheimrhoen.de\/wp-content\/uploads\/2013\/11\/ScanImage007.jpg\" width=\"437\" height=\"321\" srcset=\"http:\/\/tsv1861ostheimrhoen.de\/wp-content\/uploads\/2013\/11\/ScanImage007.jpg 437w, http:\/\/tsv1861ostheimrhoen.de\/wp-content\/uploads\/2013\/11\/ScanImage007-300x220.jpg 300w\" sizes=\"auto, (max-width: 437px) 100vw, 437px\" \/><\/a><p id=\"caption-attachment-1505\" class=\"wp-caption-text\">Turnfest in Ostheim 1931<\/p><\/div>\n<div id=\"attachment_1472\" style=\"width: 522px\" class=\"wp-caption aligncenter\"><a href=\"http:\/\/tsv1861ostheimrhoen.de\/wp-content\/uploads\/2013\/11\/ScanImage001.jpg\"><img loading=\"lazy\" decoding=\"async\" aria-describedby=\"caption-attachment-1472\" class=\" wp-image-1472 \" alt=\"\" src=\"http:\/\/tsv1861ostheimrhoen.de\/wp-content\/uploads\/2013\/11\/ScanImage001.jpg\" width=\"512\" height=\"384\" srcset=\"http:\/\/tsv1861ostheimrhoen.de\/wp-content\/uploads\/2013\/11\/ScanImage001.jpg 640w, http:\/\/tsv1861ostheimrhoen.de\/wp-content\/uploads\/2013\/11\/ScanImage001-300x225.jpg 300w\" sizes=\"auto, (max-width: 512px) 100vw, 512px\" \/><\/a><p id=\"caption-attachment-1472\" class=\"wp-caption-text\">Festzug 1932<\/p><\/div>\n<p><strong>1932<\/strong> Erstmals spricht man von einer Leichtathletikabteilung. Der 1931 erstmals selbstst\u00e4ndig gegr\u00fcndete Fu\u00dfballclub wird endg\u00fcltig in den Verein integriert. Die Segelflieger geh\u00f6ren in diesem Jahr auch noch zum Verein, ehe sie sich selbstst\u00e4ndig machen.<\/p>\n<p><strong>1933<\/strong> Der bisher eigenst\u00e4ndige Arbeiter-Turn- und Sportverein wird in diesem Jahr in den TSV integriert. Die faustballer haben den deutschen Meister TG Schweinfurt zu Gast.<\/p>\n<div id=\"attachment_1504\" style=\"width: 359px\" class=\"wp-caption aligncenter\"><a href=\"http:\/\/tsv1861ostheimrhoen.de\/wp-content\/uploads\/2013\/11\/ScanImage006.jpg\"><img loading=\"lazy\" decoding=\"async\" aria-describedby=\"caption-attachment-1504\" class=\"size-full wp-image-1504\" alt=\"10. Oktober 1933 Jungm\u00e4dchen aud dem Sportplatz\" src=\"http:\/\/tsv1861ostheimrhoen.de\/wp-content\/uploads\/2013\/11\/ScanImage006.jpg\" width=\"349\" height=\"249\" srcset=\"http:\/\/tsv1861ostheimrhoen.de\/wp-content\/uploads\/2013\/11\/ScanImage006.jpg 349w, http:\/\/tsv1861ostheimrhoen.de\/wp-content\/uploads\/2013\/11\/ScanImage006-300x214.jpg 300w\" sizes=\"auto, (max-width: 349px) 100vw, 349px\" \/><\/a><p id=\"caption-attachment-1504\" class=\"wp-caption-text\">10. Oktober 1933<br \/>Jungm\u00e4dchen aud dem Sportplatz<\/p><\/div>\n<p><strong>1934<\/strong> Die Faustballmannschaft erringt die unterfr\u00e4nkische Bezirksmeisterschaft. Mit Unterst\u00fctzung von B\u00fcrgermeister Karl H\u00f6rnlein bekommt der Verein den Lindenkeller (heute Ludwig-Jahn-Stra\u00dfe) zugewiesen.<\/p>\n<p><strong>1935<\/strong> Die Mitgliederzahl betr\u00e4gt in diesem Jahr 130. Das Sporth\u00e4uschen (heutige Wohnung) wird erbaut.<\/p>\n<div id=\"attachment_1503\" style=\"width: 380px\" class=\"wp-caption aligncenter\"><a href=\"http:\/\/tsv1861ostheimrhoen.de\/wp-content\/uploads\/2013\/11\/ScanImage005.jpg\"><img loading=\"lazy\" decoding=\"async\" aria-describedby=\"caption-attachment-1503\" class=\"size-full wp-image-1503\" alt=\"100 m Lauf 1935 in Unsleben am Bahnhof\" src=\"http:\/\/tsv1861ostheimrhoen.de\/wp-content\/uploads\/2013\/11\/ScanImage005.jpg\" width=\"370\" height=\"245\" srcset=\"http:\/\/tsv1861ostheimrhoen.de\/wp-content\/uploads\/2013\/11\/ScanImage005.jpg 370w, http:\/\/tsv1861ostheimrhoen.de\/wp-content\/uploads\/2013\/11\/ScanImage005-300x198.jpg 300w\" sizes=\"auto, (max-width: 370px) 100vw, 370px\" \/><\/a><p id=\"caption-attachment-1503\" class=\"wp-caption-text\">100 m Lauf 1935 in Unsleben am Bahnhof<\/p><\/div>\n<p><strong>1936<\/strong> Im Zuge der Gleichgestaltung wird der TSV in den Reichbund f\u00fcr Leibes\u00fcbungen integriert.<\/p>\n<p><strong>1937<\/strong> Der Sportplatz an der Jahn-Stra\u00dfe wird eingeweiht.<\/p>\n<p><strong>1945<\/strong> Schon am 6. August gelingt es Hermann Rehmann, die Neugr\u00fcndung des Vereins beim zust\u00e4ndigen amerikanischen Kommandanten zu erreichen. Man nennt sich \u201eTurn- und Sportverein&#8220; mit einer 10-Punkte-Satzung und 64 Mitgliedern, deren Zahl rasch ansteigt.<\/p>\n<p><strong>1947<\/strong> Eine RAD (Reichsdienst)-Baracke wird gekauft und als Sportheim aufgestellt.<\/p>\n<p><strong>1948<\/strong> Die vereinseigene Boxstaffel zeigt beachtliche Erfolge auf. Die Damen stellen eine Korbballmannschaft und die Sparte Tischtennis steht unter O. Arndt in beachtlicher Bl\u00fcte.<\/p>\n<div id=\"attachment_1477\" style=\"width: 410px\" class=\"wp-caption aligncenter\"><a href=\"http:\/\/tsv1861ostheimrhoen.de\/wp-content\/uploads\/2013\/11\/ScanImage003.jpg\"><img loading=\"lazy\" decoding=\"async\" aria-describedby=\"caption-attachment-1477\" class=\"size-full wp-image-1477 \" alt=\"\" src=\"http:\/\/tsv1861ostheimrhoen.de\/wp-content\/uploads\/2013\/11\/ScanImage003.jpg\" width=\"400\" height=\"350\" srcset=\"http:\/\/tsv1861ostheimrhoen.de\/wp-content\/uploads\/2013\/11\/ScanImage003.jpg 400w, http:\/\/tsv1861ostheimrhoen.de\/wp-content\/uploads\/2013\/11\/ScanImage003-300x262.jpg 300w\" sizes=\"auto, (max-width: 400px) 100vw, 400px\" \/><\/a><p id=\"caption-attachment-1477\" class=\"wp-caption-text\">90. J\u00e4hriges Stiftungsfest<\/p><\/div>\n<p><strong>1951<\/strong> Eine neue Satzung wird geschaffen und der Verein l\u00e4sst sich im Jahr des 90. Stiftungsfestes ins Vereinsregister eintragen. Die Sparten Schwimmen und Ski geh\u00f6ren ebenso wie Leichtathletik und Turnen zum TSV.<\/p>\n<p><a href=\"http:\/\/tsv1861ostheimrhoen.de\/wp-content\/uploads\/2013\/11\/ScanImage008.jpg\"><img loading=\"lazy\" decoding=\"async\" class=\"aligncenter size-full wp-image-1508\" alt=\"\" src=\"http:\/\/tsv1861ostheimrhoen.de\/wp-content\/uploads\/2013\/11\/ScanImage008.jpg\" width=\"349\" height=\"236\" srcset=\"http:\/\/tsv1861ostheimrhoen.de\/wp-content\/uploads\/2013\/11\/ScanImage008.jpg 349w, http:\/\/tsv1861ostheimrhoen.de\/wp-content\/uploads\/2013\/11\/ScanImage008-300x202.jpg 300w\" sizes=\"auto, (max-width: 349px) 100vw, 349px\" \/><\/a><strong>1952<\/strong> Die Erg\u00e4nzung und der Ausbau der Sportplatzanlage wird vorangetrieben.<\/p>\n<p><strong>1955<\/strong> Die Tischtennis-Abteilung macht sich bis 1960 als erfolgreicher \u201eTischtennis-Club&#8220; Ostheim selbstst\u00e4ndig, geht dann aber wieder in den Verein \u00fcber.<\/p>\n<p><strong>1956<\/strong> Die Fu\u00dfball-Abteilung kann ihr 25-j\u00e4hriges Bestehen feiern.<\/p>\n<p><strong>1961<\/strong> Zur 100-Jahr-Feier mit Fahnenweihe findet ein gro\u00dfer Turnwettbewerb mit 250 Turnern statt. Die Fu\u00dfballsparte unter Willi Halbig und die Turnabteilung unter Emil Amthor sind die sportlichen Tr\u00e4ger des Vereins.<\/p>\n<p><strong>1964<\/strong> Die finanzielle Lage des Vereins ist gut. \u00dcber den Bayerischen Landessportverband beteiligt er sich am Turnhallenbau mit einem Darlehen von 50.000DM.<\/p>\n<div id=\"attachment_1481\" style=\"width: 410px\" class=\"wp-caption aligncenter\"><a href=\"http:\/\/tsv1861ostheimrhoen.de\/wp-content\/uploads\/2013\/11\/ScanImage004.jpg\"><img loading=\"lazy\" decoding=\"async\" aria-describedby=\"caption-attachment-1481\" class=\"size-full wp-image-1481\" alt=\"\" src=\"http:\/\/tsv1861ostheimrhoen.de\/wp-content\/uploads\/2013\/11\/ScanImage004.jpg\" width=\"400\" height=\"300\" srcset=\"http:\/\/tsv1861ostheimrhoen.de\/wp-content\/uploads\/2013\/11\/ScanImage004.jpg 400w, http:\/\/tsv1861ostheimrhoen.de\/wp-content\/uploads\/2013\/11\/ScanImage004-300x225.jpg 300w\" sizes=\"auto, (max-width: 400px) 100vw, 400px\" \/><\/a><p id=\"caption-attachment-1481\" class=\"wp-caption-text\">Meistermanschaft 1964\/65<\/p><\/div>\n<p><strong>1965<\/strong> Die Fu\u00dfballer werden A-Klassemeister.<\/p>\n<p><strong>1966<\/strong> Der Verein z\u00e4hlt in diesem Jahr 430 Mitglieder.<\/p>\n<p><strong>1967<\/strong> Die Fu\u00dfballer steigen in die A-Klasse auf.<\/p>\n<p><strong>1968<\/strong> Siegfried Ulrich initiiert ein gro\u00dfes internationales Jugendturnier. Die Faustballabteilung spielt erfolgreich.<\/p>\n<p><strong>1969<\/strong> Die Fu\u00dfballer kehren zur\u00fcck in die A-Klasse.<\/p>\n<p><strong>1970<\/strong> Unter Dr. Hans Helm lassem die Leichtathleten mit \u00fcberregionalen Erfolgen aufhorchen. In dieses Jahr f\u00e4llt auch die Gr\u00fcndung aus der Volleyball-Abteilung.<\/p>\n<p><strong>1971<\/strong> Die Volleyball-Mannschaft steigt in die Kreisliga auf. Die Fausballer halten sich in der A- Klasse.<\/p>\n<p><strong>1972<\/strong> 40-j\u00e4hriges Bestehen der Fu\u00dfball-Abteilung und Aufstieg in die A-Klasse. Eberhard, Jutta, Mathias und Andrea Helm erringen viele Lauf-Titel. Eine Flutlichtanlage wird installiert.<\/p>\n<p><strong>1974<\/strong> Die Fu\u00dfballer gewinnen die A-Klassemeisterschaft. Die Volleyballer steigen in die Bezirksliga auf.<\/p>\n<div id=\"attachment_1510\" style=\"width: 1003px\" class=\"wp-caption aligncenter\"><a href=\"http:\/\/tsv1861ostheimrhoen.de\/wp-content\/uploads\/2013\/11\/ScanImage009.jpg\"><img loading=\"lazy\" decoding=\"async\" aria-describedby=\"caption-attachment-1510\" class=\"size-full wp-image-1510\" alt=\"Chelsea London beim 6. Internat. Jugendfu\u00dfball-Turnier in Ostheim 1974\" src=\"http:\/\/tsv1861ostheimrhoen.de\/wp-content\/uploads\/2013\/11\/ScanImage009.jpg\" width=\"993\" height=\"613\" srcset=\"http:\/\/tsv1861ostheimrhoen.de\/wp-content\/uploads\/2013\/11\/ScanImage009.jpg 993w, http:\/\/tsv1861ostheimrhoen.de\/wp-content\/uploads\/2013\/11\/ScanImage009-300x185.jpg 300w\" sizes=\"auto, (max-width: 993px) 100vw, 993px\" \/><\/a><p id=\"caption-attachment-1510\" class=\"wp-caption-text\">Chelsea London beim 6. Internat. Jugendfu\u00dfball-Turnier in Ostheim 1974<\/p><\/div>\n<p><strong>1975<\/strong> In dieses Jahr f\u00e4llt der Bau des Vereinsheimes und der Lauftreff mit Ali Louzri wird aus der Taufe gehoben. Die Fu\u00dfballer kehren nach nur einem Jahr wieder aus der Bezirksliga zur\u00fcck.<\/p>\n<p><strong>1976<\/strong> Die Sparte Tischtennis ist ebenfalls wieder im Verein vertreten. Dank immenser Eigenleistung kann man sich \u00fcber die Einweihung des Sportheims und die Erweiterung der Flutlichtanlage auf 6 Masten freuen. Die Volleyball-Herren spielen in der Landesliga und auch eine Damenabteilung vertritt zuk\u00fcnftig den Verein.<\/p>\n<p><strong>1977<\/strong> Die Au\u00dfenanlagen des Sportplatzes erfahren eine Renovierung.<\/p>\n<p><strong>1979<\/strong> Die Westseite des Sportplatzes erh\u00e4lt eine \u00fcberdachte Trib\u00fcne.<\/p>\n<p><strong>1980<\/strong> Der TSV z\u00e4hlt neun lizensierte \u00dcbungsleiter in seinen Reihen. Die Fausballer k\u00f6nnen wegen Spielermangel keine Punktrunde mehr bestreiten. Eberhard Helm erl\u00e4uft sich den Bayerischen Meistertitel \u00fcber 5000 Meter, wird zweiter bei den Deutschen Meisterschaften und nimmt an den Hallen-Europameisterschaften teil. Bruder Stefan erringt den Titel des Bayerischen Jugendmeisters im Crosslauf und \u00fcber 1500 Meter.<\/p>\n<p><strong>1981<\/strong> Zum H\u00f6hepunkt des 120-j\u00e4hrigen Bestehens wird das Fu\u00dfballspiel TSV Ostheim gegen den Bundesligisten Eintracht Frankfurt. \u00dcberregionales Aush\u00e4ngeschild bleiben die Leichtathleten.<\/p>\n<p><strong>1983<\/strong> Eine Ski-Abteilung mit w\u00f6chentlicher Ski-Gymnastik wird gebildet.<\/p>\n<p><strong>1984<\/strong> Die Fu\u00dfballer m\u00fcssen in die B-Klasse absteigen.<\/p>\n<p><strong>1985<\/strong> Weiterer Abstieg in die C-Klasse. Die Mitgliederzahl \u00fcbersteigt erstmals die 500. Die Leichtahleten f\u00fchren eine Unterfr\u00e4nkische Crosslaufmeisterschaft um die Lichtenburg durch.<\/p>\n<p><strong>1986<\/strong> Beim 125-j\u00e4hrigen Vereinsfest spielt die Uwe-Seeler-Traditionself gegen Ostheim auf. Der TSV erh\u00e4lt das \u201eWalter-Kolb-Schild&#8220; als Auszeichnung des Turn-Gaues.<\/p>\n<p><strong>1987<\/strong> Endlich steigen die Fu\u00dfballer in die B-Klasse auf. Ein Volksskilauf verzeichnet \u00fcber 100 Langl\u00e4ufer.<\/p>\n<p><strong>1988<\/strong> Die neue Tennis-Abteilung bringt einen Mitgliederzuwachs auf \u00fcber 600. Die Volleyballdamen starten in die Punktrunde. Am Ilmenberg finden alpine Vereinsmeisterschaften statt.<\/p>\n<p><strong>1989<\/strong> Die Tennis-Abteilung baut ein Ger\u00e4tehaus mit Club-Raum. Den Volleyball-Damen gelingt der Aufstieg in die Bezirksliga und die neue Sparte Triathlon zeigt sich erfolgreich.<\/p>\n<p><strong>1990<\/strong> Die Tennisspieler nehmen an der Punktrunde teil. Die Leichtathletin Tanja Pfalzgraf steht auf Platz eins der Deutschen Bestenliste und erringt zwei Bayerische Meistertitel. Der 10. Triathlon z\u00e4hlt 100 Teilnehmer.<\/p>\n<p><strong>1991<\/strong> Die Ostheimer Leichtathleten schm\u00fccken Bayerische und Unterfr\u00e4nkische Meistertitel. Ostheim wird Austragungsort f\u00fcr Bayerische Berglaufmeisterschaften. Die Volleyballer melden eine zweite Damenmannschaft an.<\/p>\n<p><strong>1992<\/strong> Man freut sich \u00fcber den 2. Platz der Fu\u00dfball A-Jugend sowie den Meisterschaftsgewinn der E-Jugend. Die Leichtathleten schreiben sich 20 Unterfr\u00e4nkische Titel und zweimalige Nr. 1 der Bayerischen Bestenlisten ( Denis Pfalzgraf \u00fcber 2000 Meter und Eberhard Helm \u00fcber 800 Meter) auf die Fahnen.<\/p>\n<p><strong>1993<\/strong> 14 Unterfr\u00e4nkische Meistertitel bringen die Ostheimer Leichtathleten mit nach Hause. Tanja Pfalzgraf wird Bayerische Meisterin \u00fcber 3000 Meter. Ebenfalls zu Bayerns Spitze geh\u00f6rt die A-Jugendmannschaft im Crosslauf (Thomas Herda, Michael Streck und Eduard Wiebe). Die Fu\u00dfballer m\u00fcssen in der C-Klasse antreten. Die Lauftreffgruppe von Ali Louzri feiert ihren 20. Geburtstag und nach 9 Jahren gibt es wieder alpine Vereinsmeisterschaften.<\/p>\n<p><strong>1994<\/strong> Aufstieg in die B-Klasse bei den Fu\u00dfballern und in die 1. Kreisklasse bei den Tennis- Damen.<\/p>\n<p><strong>1995<\/strong> Die Tennis-Herrenmannschaft wird Meister. Im 25. Jahr ihres Bestehens feiern die Volleyball-Herren den Kreisliga-Meister und steigen in die Bezirksliga Ost auf. Den Bayerischen Meistertitel erlaufen sich abermals Denis Pfalzgraf und die Crossl\u00e4ufer.<\/p>\n<p><a href=\"http:\/\/tsv1861ostheimrhoen.de\/wp-content\/uploads\/2013\/11\/ScanImage001cv.jpg\"><img loading=\"lazy\" decoding=\"async\" class=\"aligncenter size-full wp-image-1637\" alt=\"\" src=\"http:\/\/tsv1861ostheimrhoen.de\/wp-content\/uploads\/2013\/11\/ScanImage001cv.jpg\" width=\"515\" height=\"340\" srcset=\"http:\/\/tsv1861ostheimrhoen.de\/wp-content\/uploads\/2013\/11\/ScanImage001cv.jpg 515w, http:\/\/tsv1861ostheimrhoen.de\/wp-content\/uploads\/2013\/11\/ScanImage001cv-300x198.jpg 300w\" sizes=\"auto, (max-width: 515px) 100vw, 515px\" \/><\/a><strong>1996<\/strong> Der TSV begeht sein 135-j\u00e4hriges Gr\u00fcndungsfest mit einem Fu\u00dfball- und Volleyball- Turnier sowie verschiedenen Einlagen. Die Triathleten freuen sich \u00fcber den Sieg ihrer Mannschaft beim 15. Rh\u00f6n-Traithlon. Die Fu\u00dfballer verpassen als Vizemeister der B-Klasse in der Relegation knapp den Aufstieg.<\/p>\n<div id=\"attachment_1638\" style=\"width: 519px\" class=\"wp-caption aligncenter\"><a href=\"http:\/\/tsv1861ostheimrhoen.de\/wp-content\/uploads\/2013\/11\/ScanImage001rererer.jpg\"><img loading=\"lazy\" decoding=\"async\" aria-describedby=\"caption-attachment-1638\" class=\"size-full wp-image-1638 \" alt=\"\" src=\"http:\/\/tsv1861ostheimrhoen.de\/wp-content\/uploads\/2013\/11\/ScanImage001rererer.jpg\" width=\"509\" height=\"350\" srcset=\"http:\/\/tsv1861ostheimrhoen.de\/wp-content\/uploads\/2013\/11\/ScanImage001rererer.jpg 509w, http:\/\/tsv1861ostheimrhoen.de\/wp-content\/uploads\/2013\/11\/ScanImage001rererer-300x206.jpg 300w\" sizes=\"auto, (max-width: 509px) 100vw, 509px\" \/><\/a><p id=\"caption-attachment-1638\" class=\"wp-caption-text\">Vizemeister der B-Klasse 1996.<\/p><\/div>\n<p><strong>1997<\/strong> Zum erstenmal in der laufenden Saison sind alle Altersklassen im Jugendfu\u00dfball zum Spielbetrieb gemeldet. Auf bayerischer Ebene holen Julius Helm und Denis Pfalzgraf je zwei Landestitel nach Ostheim. Die Tischtennisabteilung wird von Karin G\u00f6pfert neu ins Leben gerufen und richtet Girls-Tem-Cup, Mini- und Stadtmeisterschaften aus. Die Eltern- Kind-Gruppe, die seit Jahren unter Andrea Helm-Koch besteht, bringt dem Verein den gr\u00f6\u00dften Mitgliederzuwachs.<\/p>\n<p><strong>1998<\/strong> Die Mitgliederzahl w\u00e4chst auf \u00fcber 800 an. In den Mannschaftssportarten werden in diesem Jahr durchgehend Pl\u00e4tze im oberen Drittel der jeweiligen Tabellen belegt. Die Ostheimer Triathleten Stefan Dietzer und Alexander Schreck nehmen bereits zum zweiten Mal am Ironman-Triathlon in Roth teil. In der Bestenliste des Deutschen Leichtathletikverbandes stehen Julius und Annekatrin Helm dreimal auf Platz eins. Die Leichtathleten erringen f\u00fcnfmal Gold bei den Bayerischen Meisterschaften in Regensburg.<\/p>\n<p><strong>1999<\/strong> Julius Helm nimmt an den Berglauf-Weltmeisterschaften in Borneo\/Malaysia teil und belegt in seiner Altersklasse eine hervorragende Platzierung. Die Volleyball-Jugend schm\u00fcckt bereits zum 5. Mal den Osterbrunnen vor der Sparkasse. Die Stadt Ostheim errichtet unter Beteiligung des TSV eine Beachvolleyball-Anlage im Bereich des Schwimmbades. G\u00fcnter Clas veranstaltet ein Streetball-Turnier mit sechs beteiligten Mannschaften. Unter Mitorganisation des TSV findet um die Grundschule ein 12-Stundenlauf mit 570 Teilnehmern und 5172 erlaufenen Kilometern zugunsten der Welthungerhilfe statt. Auch die Beteiligung und die Ausrichtung eines der 10 L\u00e4ufer des Rh\u00f6n Grabfeld-Cups unter Eberhard Helm erfreut sich in den vergangenen Jahren gro\u00dfer Beliebtheit.<\/p>\n<p><strong>2000<\/strong> Die Fu\u00dfballmannschaft feiert den Sieg in der Kreisklasse und steigt in die Kreisliga auf. Die Tischtennis-Abteilung meldet f\u00fcr die 3. Kreisklasse eine Jungenmannschaft an. Julius Helm belegt f\u00fcr Deutschland den 10. Platz bei der Berglaufweltmeisterschaft und den 4. Platz bei der Deutschen Berglaufmeisterschaft. Im Turn- und Sportverein Ostheim\/Rh\u00f6n 1861 e.V. Waren 2000 folgende Sportarten vertreten: Damengymnastik, Eltern-Kind, Fu\u00dfball, Lauftreff, Leichtathletik, Tennis, Tischtennis, Volleyball.<\/p>\n<p><strong>2001<\/strong> 140j\u00e4hriges Gr\u00fcndungsfest des TSV. Gr\u00fcndung einer Damenfu\u00dfballmanschaft.<\/p>\n<p><strong>2002<\/strong> Leichtathletik Deutscher Junioren Meisterschaft \u00fcber Halbmarathon Strecke. Wiedergr\u00fcndung der Damen Volleyball Manschaft unter G\u00fcnter Clas. Alpine Ski Meisterschaften am Illmenberg.<\/p>\n<p><strong>2003<\/strong> 1.Platz Bestenliste Bayern &#8211; Team Halbmarathon mit Unterfr\u00e4nkischem Rekord. Aufstieg der Volleyballdamen in die Kreisliga. Neu im Programm des TSV jeden Mittwoch M\u00e4nnergymnastik.<\/p>\n<p><strong>2004<\/strong> TSV nimmt mit gro\u00dfer Gruppe am Festumzug der 1200jahrfeier der Stadt Ostheim teil. Durchf\u00fchrung der Gesundheitswoche. Die Fu\u00dfballer gewinnen nach 5 Jahren wieder den VG-Pokal. Der TSV Ostheim stellt die Kreismeisterinnen im Tischtennis Frauen Doppel und Mixed.<\/p>\n<p><strong>2005<\/strong> Die Tennisabteilung gr\u00fcndet eine Sportarbeitsgemeinschaft mit der Grundschule. Die Volleyball Frauen Bundesliga Mannschaft des des VfB91 Suhl besucht die Ostheimer Volleyballer zum Show Training mit dem Nachwuchs und Testspiel gegen die Herren. Manuel St\u00f6ckert wird Jugend Berglauf Europameister.<\/p>\n<p><strong>2006<\/strong> Der TSV feiert sein 145j\u00e4hriges Vereinsjubil\u00e4um. Die Fu\u00dfballabteilung wird 75. Der TSV gewinnt den kleinen Goldenen Stern des Sports auf Bundesebene. TT-Manschaft wird Vizemeister und steigt in die 2.Kreisliga auf. Nach der Fu\u00dfball WM 2006 wird ein extrem hoher Zulauf zu den Fu\u00dfballmanschaften verzeichnet.<\/p>\n<p><strong>2007<\/strong> Das Hauptspielfeld wurde saniert. Der TSV erwirbt das G\u00fctesiegel &#8222;Pluspunkt Gesundheit&#8220;. TT-Meistertitel in der 2.Kreisliga.<\/p>\n<p><strong>2008<\/strong> Die Tennisabteilung besteht seit 20 Jahren. Die &#8222;M\u00e4dchen 14&#8220; wurden Vizemeister, die M\u00e4nner ungeschlagen Meister. Seit 40 Jahren wird Leichtathletik als Leistungssport im TSV betrieben. Sechs L\u00e4ufer des TSV starten in deutschen Nationalmanschaften. Besuch des FC Bischofszell. Sanierung der Duschen und Kabinen im Sportheim.<\/p>\n<p><strong>2009<\/strong> Ausrichtung der Junioren Berglauf Europameisterschaft in Zusammenarbeit mit dem TSV Hausen\/Rh\u00f6n. Ostheimer Alpin Skimeisterschaft erstmals seit 2002. Gr\u00fcndung der Abteilung Kegeln.<\/p>\n<p><strong>2010<\/strong> Ostheimer Skimeisterschaften am Illmenberg. Volleyballabteilung feiert Ihr 40j\u00e4hriges Bestehen, eine Herrenmannschaft ist seit Gr\u00fcndung durchgehend im Ligabetrieb. Volleyball Damen und Herren steigen in die Bezirksklasse auf. Manuel St\u00f6ckert wird Deutsche Meister im Halbmarathon und Rene St\u00f6ckert Deutscher Meister im Berglauf. Der Lauftreff ist im 35 Jahr.<\/p>\n<p><strong>2011<\/strong> der TSV Ostheim feiert sein 150j\u00e4hriges Vereinsjubil\u00e4um. Die 1.Mannschaft der Kegler erringt die Meisterschaft. Die Volleyball Frauen erreichen das Pokalfinale auf Bezirksebene.<\/p>\n","protected":false},"excerpt":{"rendered":"<p>Die Geschichte des TSV Ostheim ist lang. Sie beginnt im traditionsreichen Jahr 1861. Lesen Sie hier die wichtigsten Ereignisse seitdem kurz zusammengefasst: 1861 B\u00fcrgermeister Dr. Christian Glock regt die Gr\u00fcndung <a class=\"more-link\" href=\"http:\/\/tsv1861ostheimrhoen.de\/?page_id=90\">Klicke hier um alles zu lesen &rarr;<\/a><\/p>\n","protected":false},"author":1,"featured_media":0,"parent":0,"menu_order":0,"comment_status":"closed","ping_status":"closed","template":"","meta":{"ngg_post_thumbnail":0,"footnotes":""},"class_list":["post-90","page","type-page","status-publish","hentry"],"_links":{"self":[{"href":"http:\/\/tsv1861ostheimrhoen.de\/index.php?rest_route=\/wp\/v2\/pages\/90","targetHints":{"allow":["GET"]}}],"collection":[{"href":"http:\/\/tsv1861ostheimrhoen.de\/index.php?rest_route=\/wp\/v2\/pages"}],"about":[{"href":"http:\/\/tsv1861ostheimrhoen.de\/index.php?rest_route=\/wp\/v2\/types\/page"}],"author":[{"embeddable":true,"href":"http:\/\/tsv1861ostheimrhoen.de\/index.php?rest_route=\/wp\/v2\/users\/1"}],"replies":[{"embeddable":true,"href":"http:\/\/tsv1861ostheimrhoen.de\/index.php?rest_route=%2Fwp%2Fv2%2Fcomments&post=90"}],"version-history":[{"count":31,"href":"http:\/\/tsv1861ostheimrhoen.de\/index.php?rest_route=\/wp\/v2\/pages\/90\/revisions"}],"predecessor-version":[{"id":1867,"href":"http:\/\/tsv1861ostheimrhoen.de\/index.php?rest_route=\/wp\/v2\/pages\/90\/revisions\/1867"}],"wp:attachment":[{"href":"http:\/\/tsv1861ostheimrhoen.de\/index.php?rest_route=%2Fwp%2Fv2%2Fmedia&parent=90"}],"curies":[{"name":"wp","href":"https:\/\/api.w.org\/{rel}","templated":true}]}}